{"id":694,"date":"2026-02-17T08:44:02","date_gmt":"2026-02-17T08:44:02","guid":{"rendered":"https:\/\/gralegal.com\/politica-de-cookies\/"},"modified":"2026-03-24T11:26:56","modified_gmt":"2026-03-24T11:26:56","slug":"politica-de-cookies","status":"publish","type":"page","link":"https:\/\/gralegal.com\/ca\/politica-de-cookies\/","title":{"rendered":"Pol\u00edtica de cookies"},"content":{"rendered":"\t\t<div data-elementor-type=\"wp-page\" data-elementor-id=\"694\" class=\"elementor elementor-694 elementor-475\" data-elementor-post-type=\"page\">\n\t\t\t\t\t\t<section class=\"elementor-section elementor-top-section elementor-element elementor-element-980ca5e elementor-section-height-min-height elementor-section-boxed elementor-section-height-default elementor-section-items-middle\" data-id=\"980ca5e\" data-element_type=\"section\" data-e-type=\"section\" data-settings=\"{&quot;background_background&quot;:&quot;classic&quot;}\">\n\t\t\t\t\t\t\t<div class=\"elementor-background-overlay\"><\/div>\n\t\t\t\t\t\t\t<div class=\"elementor-container elementor-column-gap-no\">\n\t\t\t\t\t<div class=\"elementor-column elementor-col-100 elementor-top-column elementor-element elementor-element-8e2f63c\" data-id=\"8e2f63c\" data-element_type=\"column\" data-e-type=\"column\" data-settings=\"{&quot;background_background&quot;:&quot;classic&quot;}\">\n\t\t\t<div class=\"elementor-widget-wrap elementor-element-populated\">\n\t\t\t\t\t\t<div class=\"elementor-element elementor-element-8fcfeb5 elementor-widget elementor-widget-spacer\" data-id=\"8fcfeb5\" data-element_type=\"widget\" data-e-type=\"widget\" data-widget_type=\"spacer.default\">\n\t\t\t\t\t\t\t<div class=\"elementor-spacer\">\n\t\t\t<div class=\"elementor-spacer-inner\"><\/div>\n\t\t<\/div>\n\t\t\t\t\t\t<\/div>\n\t\t\t\t<div class=\"elementor-element elementor-element-d9002bd elementor-widget__width-initial elementor-invisible elementor-widget elementor-widget-heading\" data-id=\"d9002bd\" data-element_type=\"widget\" data-e-type=\"widget\" data-settings=\"{&quot;_animation&quot;:&quot;fadeIn&quot;,&quot;_animation_delay&quot;:100}\" data-widget_type=\"heading.default\">\n\t\t\t\t\t<h2 class=\"elementor-heading-title elementor-size-default\">Pol\u00edtica de Cookies<\/h2>\t\t\t\t<\/div>\n\t\t\t\t\t<\/div>\n\t\t<\/div>\n\t\t\t\t\t<\/div>\n\t\t<\/section>\n\t\t\t\t<section class=\"elementor-section elementor-top-section elementor-element elementor-element-b3df0c5 elementor-section-content-middle elementor-reverse-tablet elementor-reverse-mobile elementor-section-boxed elementor-section-height-default elementor-section-height-default\" data-id=\"b3df0c5\" data-element_type=\"section\" data-e-type=\"section\">\n\t\t\t\t\t\t<div class=\"elementor-container elementor-column-gap-no\">\n\t\t\t\t\t<div class=\"elementor-column elementor-col-100 elementor-top-column elementor-element elementor-element-2f7ab2c elementor-invisible\" data-id=\"2f7ab2c\" data-element_type=\"column\" data-e-type=\"column\" data-settings=\"{&quot;animation&quot;:&quot;fadeIn&quot;,&quot;animation_delay&quot;:300}\">\n\t\t\t<div class=\"elementor-widget-wrap elementor-element-populated\">\n\t\t\t\t\t\t<div class=\"elementor-element elementor-element-8cee94a elementor-widget__width-initial elementor-invisible elementor-widget elementor-widget-text-editor\" data-id=\"8cee94a\" data-element_type=\"widget\" data-e-type=\"widget\" data-settings=\"{&quot;_animation&quot;:&quot;fadeIn&quot;,&quot;_animation_delay&quot;:250}\" data-widget_type=\"text-editor.default\">\n\t\t\t\t\t\t\t\t\t<h3 data-start=\"201\" data-end=\"224\">Qu\u00e8 \u00e9s una cookie?<\/h3><p data-start=\"225\" data-end=\"603\">Una cookie \u00e9s un fitxer que es descarrega al vostre ordinador en accedir a determinades p\u00e0gines web. Les cookies permeten a una p\u00e0gina web, entre altres coses, emmagatzemar i recuperar informaci\u00f3 sobre els h\u00e0bits de navegaci\u00f3 d&#8217;un usuari o del seu equip; depenent de la informaci\u00f3 que continguin i de la forma en qu\u00e8 utilitzeu el vostre equip, poden utilitzar-se per recon\u00e8ixer l&#8217;usuari. <\/p><p data-start=\"605\" data-end=\"1088\">No obstant aix\u00f2, aquests mitjans nom\u00e9s obtenen informaci\u00f3 relacionada amb el nombre de p\u00e0gines visitades, la ciutat a la qual est\u00e0 assignada l&#8217;adre\u00e7a IP des de la qual s&#8217;accedeix, el nombre de nous usuaris, la freq\u00fc\u00e8ncia i reincid\u00e8ncia de les visites, el temps de visita, el navegador o l&#8217;operador o tipus de terminal des del qual es realitza la visita. En cap cas s&#8217;obtenen dades sobre el nom, cognoms, adre\u00e7a postal o altres dades an\u00e0logues de l&#8217;usuari que s&#8217;ha connectat. <\/p><h3 data-start=\"1095\" data-end=\"1129\">Quins tipus de cookies existeixen?<\/h3><p data-start=\"1130\" data-end=\"1584\">Les cookies poden ser pr\u00f2pies o de tercers; les pr\u00f2pies s\u00f3n aquelles que envia l&#8217;equip terminal de l&#8217;usuari des d&#8217;un equip o domini gestionat pel propi editor i des del qual es presta el servei sol\u00b7licitat per l&#8217;usuari. Les cookies de tercers s\u00f3n aquelles que s&#8217;envien a l&#8217;equip terminal de l&#8217;usuari des d&#8217;un equip o domini que no \u00e9s gestionat per l&#8217;editor, sin\u00f3 per una altra entitat que tracta les dades obtingudes a trav\u00e9s de les cookies. <\/p><p data-start=\"1586\" data-end=\"1951\">Aix\u00ed mateix, les cookies poden ser de sessi\u00f3 o persistents. Les primeres s\u00f3n un tipus de cookies dissenyades per recaptar i emmagatzemar dades mentre l&#8217;usuari accedeix a una p\u00e0gina web; les segones s\u00f3n un tipus de cookies en qu\u00e8 les dades continuen emmagatzemades al terminal i poden ser accedides i tractades durant un per\u00edode definit pel responsable de la cookie. <\/p><hr data-start=\"1953\" data-end=\"1956\"><h3 data-start=\"1958\" data-end=\"2037\">Qui \u00e9s el responsable del tractament de les cookies en aquesta p\u00e0gina web?<\/h3><p data-start=\"2038\" data-end=\"2274\">El titular del web i responsable del tractament de les cookies \u00e9s qui ostenta aquesta condici\u00f3 conforme a l&#8217;av\u00eds legal. Aix\u00ed mateix, poden existir cookies de tercers diferents del titular d&#8217;aquest web, tal com es detalla m\u00e9s endavant. <\/p><h3 data-start=\"2281\" data-end=\"2353\">Quines s\u00f3n les cookies que utilitza aquest web i per a qu\u00e8 s&#8217;utilitzen?<\/h3><p data-start=\"2355\" data-end=\"2560\"><strong data-start=\"2355\" data-end=\"2374\">Cookies pr\u00f2pies<\/strong><br data-start=\"2374\" data-end=\"2377\">Cookies t\u00e8cniques que permeten a l&#8217;usuari la navegaci\u00f3 a trav\u00e9s d&#8217;una p\u00e0gina web, plataforma o aplicaci\u00f3 i la utilitzaci\u00f3 de les diferents opcions o serveis que hi existeixin.<\/p><p data-start=\"2562\" data-end=\"2587\"><strong data-start=\"2562\" data-end=\"2585\">Cookies de tercers<\/strong><\/p><ul data-start=\"2588\" data-end=\"3206\"><li data-start=\"2588\" data-end=\"2837\"><p data-start=\"2590\" data-end=\"2837\"><strong data-start=\"2590\" data-end=\"2613\">Cookies anal\u00edtiques:<\/strong> s\u00f3n aquelles que, tractades per nosaltres o per tercers, ens permeten quantificar el nombre d&#8217;usuaris i aix\u00ed realitzar el mesurament i an\u00e0lisi estad\u00edstica de la utilitzaci\u00f3 que fan els usuaris del servei ofert.<\/p><\/li><li data-start=\"2838\" data-end=\"3028\"><p data-start=\"2840\" data-end=\"3028\"><strong data-start=\"2840\" data-end=\"2866\">Cookies publicit\u00e0ries:<\/strong> s\u00f3n aquelles que permeten la gesti\u00f3, de la forma m\u00e9s efica\u00e7 possible, dels espais publicitaris que, si escau, l&#8217;editor hagi incl\u00f2s en una p\u00e0gina web.<\/p><\/li><li data-start=\"3029\" data-end=\"3206\"><p data-start=\"3031\" data-end=\"3206\"><strong data-start=\"3031\" data-end=\"3072\">Cookies de publicitat comportamental:<\/strong> emmagatzemen informaci\u00f3 del comportament dels usuaris obtinguda a trav\u00e9s de l&#8217;observaci\u00f3 continuada dels seus h\u00e0bits de navegaci\u00f3.<\/p><\/li><\/ul><p data-start=\"3208\" data-end=\"3289\"><strong data-start=\"3208\" data-end=\"3287\">A continuaci\u00f3, es detallen les cookies de tercers utilitzades en aquest web:<\/strong><\/p><ul data-start=\"3290\" data-end=\"3635\"><li data-start=\"3290\" data-end=\"3490\"><p data-start=\"3292\" data-end=\"3490\"><em data-start=\"3292\" data-end=\"3310\">Google Analytics<\/em>, pertanyent a Google<br data-start=\"3334\" data-end=\"3337\"><a class=\"decorated-link cursor-pointer\" target=\"_new\" rel=\"noopener\" data-start=\"3339\" data-end=\"3398\">http:\/\/www.google.es\/intl\/es\/analytics\/privacyoverview.html<\/a><br data-start=\"3398\" data-end=\"3401\"><a class=\"decorated-link cursor-pointer\" target=\"_new\" rel=\"noopener\" data-start=\"3403\" data-end=\"3488\">https:\/\/developers.google.com\/analytics\/devguides\/collection\/analyticsjs\/cookie-usage <\/a> <\/p><\/li><li data-start=\"3492\" data-end=\"3572\"><p data-start=\"3494\" data-end=\"3572\"><em data-start=\"3494\" data-end=\"3503\">Twitter<\/em><br data-start=\"3503\" data-end=\"3506\"><a class=\"decorated-link\" href=\"https:\/\/help.twitter.com\/es\/rules-and-policies\/twitter-cookies\" target=\"_new\" rel=\"noopener\" data-start=\"3508\" data-end=\"3570\">https:\/\/help.twitter.com\/es\/rules-and-policies\/twitter-cookies<\/a><\/p><\/li><li data-start=\"3574\" data-end=\"3635\"><p data-start=\"3576\" data-end=\"3635\"><em data-start=\"3576\" data-end=\"3586\">Facebook<\/em><br data-start=\"3586\" data-end=\"3589\"><a class=\"decorated-link\" href=\"https:\/\/www.facebook.com\/policies\/cookies\/\" target=\"_new\" rel=\"noopener\" data-start=\"3591\" data-end=\"3633\">https:\/\/www.facebook.com\/policies\/cookies\/<\/a><\/p><\/li><\/ul><h3 data-start=\"3642\" data-end=\"3694\">Durant quant de temps es guardaran les cookies?<\/h3><p data-start=\"3695\" data-end=\"3916\">Les cookies pr\u00f2pies es conservaran durant el temps imprescindible per a la finalitat per a la qual han estat instal\u00b7lades. Les cookies de tercers tindran el termini de conservaci\u00f3 establert pels seus respectius responsables. <\/p><hr data-start=\"3918\" data-end=\"3921\"><h3 data-start=\"3923\" data-end=\"3979\">Quina \u00e9s la legitimaci\u00f3 per a l&#8217;\u00fas de les cookies?<\/h3><p data-start=\"3980\" data-end=\"4126\">La base legal per al tractament \u00e9s el consentiment de l&#8217;usuari, que se sol\u00b7licita en accedir al web i pot ser revocat en qualsevol moment.<\/p><hr data-start=\"4128\" data-end=\"4131\"><h3 data-start=\"4133\" data-end=\"4206\">A qui es comunicaran les cookies o qui podr\u00e0 accedir-hi?<\/h3><p data-start=\"4207\" data-end=\"4317\">Quan existeixin cookies de tercers, conforme al que s&#8217;indica m\u00e9s amunt, aquests tercers podran accedir-hi.<\/p><h3 data-start=\"4324\" data-end=\"4400\">Quins s\u00f3n els vostres drets en relaci\u00f3 amb l&#8217;\u00fas de cookies per aquest web?<\/h3><p data-start=\"4401\" data-end=\"4781\">Segons disposa la normativa vigent, qualsevol persona t\u00e9 dret a obtenir confirmaci\u00f3 sobre si s&#8217;estan tractant dades personals que li concerneixin o no. Aix\u00ed mateix, t\u00e9 dret a accedir a les seves dades personals, sol\u00b7licitar la rectificaci\u00f3 de les dades inexactes o, si escau, sol\u00b7licitar-ne la supressi\u00f3 quan les dades ja no siguin necess\u00e0ries per a les finalitats per a les quals van ser recollides. <\/p><p data-start=\"4783\" data-end=\"5088\">En determinades circumst\u00e0ncies, els interessats podran sol\u00b7licitar la limitaci\u00f3 del tractament de les seves dades; en aquest cas \u00fanicament les conservarem per a l&#8217;exercici o la defensa de reclamacions. Tamb\u00e9 podran oposar-se al tractament de les seves dades per motius relacionats amb la seva situaci\u00f3 particular. <\/p><p data-start=\"5090\" data-end=\"5304\">Podreu exercir els vostres drets en els termes previstos a la normativa vigent adre\u00e7ant-vos al responsable del tractament. Igualment, podeu presentar una reclamaci\u00f3 davant l&#8217;Ag\u00e8ncia Espanyola de Protecci\u00f3 de Dades. <\/p><h3 data-start=\"5311\" data-end=\"5349\">Com puc gestionar les cookies?<\/h3><p data-start=\"5350\" data-end=\"5507\">Podeu permetre, bloquejar o eliminar les cookies instal\u00b7lades al vostre equip mitjan\u00e7ant la configuraci\u00f3 de les opcions del navegador instal\u00b7lat al vostre dispositiu:<\/p><ul data-start=\"5509\" data-end=\"5851\"><li data-start=\"5509\" data-end=\"5573\"><p data-start=\"5511\" data-end=\"5573\">Chrome: <a class=\"decorated-link cursor-pointer\" target=\"_new\" rel=\"noopener\" data-start=\"5519\" data-end=\"5571\">https:\/\/support.google.com\/chrome\/answer\/95647?hl=es<\/a><\/p><\/li><li data-start=\"5574\" data-end=\"5682\"><p data-start=\"5576\" data-end=\"5682\">Explorer: <a class=\"decorated-link cursor-pointer\" target=\"_new\" rel=\"noopener\" data-start=\"5586\" data-end=\"5680\">https:\/\/support.microsoft.com\/es-es\/help\/17442\/windows-internet-explorer-delete-manage-cookies<\/a><\/p><\/li><li data-start=\"5683\" data-end=\"5780\"><p data-start=\"5685\" data-end=\"5780\">Firefox: <a class=\"decorated-link\" href=\"https:\/\/support.mozilla.org\/es\/kb\/habilitar-y-deshabilitar-cookies-que-los-sitios-we\" target=\"_new\" rel=\"noopener\" data-start=\"5694\" data-end=\"5778\">https:\/\/support.mozilla.org\/es\/kb\/habilitar-y-deshabilitar-cookies-que-los-sitios-we<\/a><\/p><\/li><li data-start=\"5781\" data-end=\"5851\"><p data-start=\"5783\" data-end=\"5851\">Safari: <a class=\"decorated-link\" href=\"https:\/\/support.apple.com\/es-es\/guide\/safari\/sfri11471\/mac\" target=\"_new\" rel=\"noopener\" data-start=\"5791\" data-end=\"5849\">https:\/\/support.apple.com\/es-es\/guide\/safari\/sfri11471\/mac<\/a><\/p><\/li><\/ul>\t\t\t\t\t\t\t\t<\/div>\n\t\t\t\t\t<\/div>\n\t\t<\/div>\n\t\t\t\t\t<\/div>\n\t\t<\/section>\n\t\t\t\t<\/div>\n\t\t","protected":false},"excerpt":{"rendered":"<p>Pol\u00edtica de Cookies Qu\u00e8 \u00e9s una cookie? Una cookie \u00e9s un fitxer que es descarrega al vostre ordinador en accedir a determinades p\u00e0gines web. Les cookies permeten a una p\u00e0gina web, entre altres coses, emmagatzemar i recuperar informaci\u00f3 sobre els h\u00e0bits de navegaci\u00f3 d&#8217;un usuari o del seu equip; depenent de la informaci\u00f3 que continguin [&hellip;]<\/p>\n","protected":false},"author":2,"featured_media":0,"parent":0,"menu_order":0,"comment_status":"closed","ping_status":"closed","template":"","meta":{"footnotes":""},"class_list":["post-694","page","type-page","status-publish","hentry"],"yoast_head":"<!-- This site is optimized with the Yoast SEO plugin v26.8 - https:\/\/yoast.com\/product\/yoast-seo-wordpress\/ -->\n<title>Pol\u00edtica de cookies - GraLegal<\/title>\n<meta name=\"robots\" content=\"index, follow, max-snippet:-1, max-image-preview:large, max-video-preview:-1\" \/>\n<link rel=\"canonical\" href=\"https:\/\/gralegal.com\/ca\/politica-de-cookies\/\" \/>\n<meta property=\"og:locale\" content=\"ca_ES\" \/>\n<meta property=\"og:type\" content=\"article\" \/>\n<meta property=\"og:title\" content=\"Pol\u00edtica de cookies - GraLegal\" \/>\n<meta property=\"og:description\" content=\"Pol\u00edtica de Cookies Qu\u00e8 \u00e9s una cookie? Una cookie \u00e9s un fitxer que es descarrega al vostre ordinador en accedir a determinades p\u00e0gines web. Les cookies permeten a una p\u00e0gina web, entre altres coses, emmagatzemar i recuperar informaci\u00f3 sobre els h\u00e0bits de navegaci\u00f3 d&#8217;un usuari o del seu equip; depenent de la informaci\u00f3 que continguin [&hellip;]\" \/>\n<meta property=\"og:url\" content=\"https:\/\/gralegal.com\/ca\/politica-de-cookies\/\" \/>\n<meta property=\"og:site_name\" content=\"GraLegal\" \/>\n<meta property=\"article:modified_time\" content=\"2026-03-24T11:26:56+00:00\" \/>\n<meta name=\"twitter:card\" content=\"summary_large_image\" \/>\n<meta name=\"twitter:label1\" content=\"Temps estimat de lectura\" \/>\n\t<meta name=\"twitter:data1\" content=\"4 minuts\" \/>\n<script type=\"application\/ld+json\" class=\"yoast-schema-graph\">{\"@context\":\"https:\/\/schema.org\",\"@graph\":[{\"@type\":\"WebPage\",\"@id\":\"https:\/\/gralegal.com\/ca\/politica-de-cookies\/\",\"url\":\"https:\/\/gralegal.com\/ca\/politica-de-cookies\/\",\"name\":\"Pol\u00edtica de cookies - GraLegal\",\"isPartOf\":{\"@id\":\"https:\/\/gralegal.com\/ca\/#website\"},\"datePublished\":\"2026-02-17T08:44:02+00:00\",\"dateModified\":\"2026-03-24T11:26:56+00:00\",\"breadcrumb\":{\"@id\":\"https:\/\/gralegal.com\/ca\/politica-de-cookies\/#breadcrumb\"},\"inLanguage\":\"ca\",\"potentialAction\":[{\"@type\":\"ReadAction\",\"target\":[\"https:\/\/gralegal.com\/ca\/politica-de-cookies\/\"]}]},{\"@type\":\"BreadcrumbList\",\"@id\":\"https:\/\/gralegal.com\/ca\/politica-de-cookies\/#breadcrumb\",\"itemListElement\":[{\"@type\":\"ListItem\",\"position\":1,\"name\":\"Portada\",\"item\":\"https:\/\/gralegal.com\/ca\/gralegal\/\"},{\"@type\":\"ListItem\",\"position\":2,\"name\":\"Pol\u00edtica de cookies\"}]},{\"@type\":\"WebSite\",\"@id\":\"https:\/\/gralegal.com\/ca\/#website\",\"url\":\"https:\/\/gralegal.com\/ca\/\",\"name\":\"GraLegal\",\"description\":\"\",\"publisher\":{\"@id\":\"https:\/\/gralegal.com\/ca\/#organization\"},\"potentialAction\":[{\"@type\":\"SearchAction\",\"target\":{\"@type\":\"EntryPoint\",\"urlTemplate\":\"https:\/\/gralegal.com\/ca\/?s={search_term_string}\"},\"query-input\":{\"@type\":\"PropertyValueSpecification\",\"valueRequired\":true,\"valueName\":\"search_term_string\"}}],\"inLanguage\":\"ca\"},{\"@type\":\"Organization\",\"@id\":\"https:\/\/gralegal.com\/ca\/#organization\",\"name\":\"GraLegal\",\"url\":\"https:\/\/gralegal.com\/ca\/\",\"logo\":{\"@type\":\"ImageObject\",\"inLanguage\":\"ca\",\"@id\":\"https:\/\/gralegal.com\/ca\/#\/schema\/logo\/image\/\",\"url\":\"https:\/\/gralegal.com\/wp-content\/uploads\/2025\/12\/GRALEGAL-LOGO-002-1.png\",\"contentUrl\":\"https:\/\/gralegal.com\/wp-content\/uploads\/2025\/12\/GRALEGAL-LOGO-002-1.png\",\"width\":1627,\"height\":863,\"caption\":\"GraLegal\"},\"image\":{\"@id\":\"https:\/\/gralegal.com\/ca\/#\/schema\/logo\/image\/\"}}]}<\/script>\n<!-- \/ Yoast SEO plugin. -->","yoast_head_json":{"title":"Pol\u00edtica de cookies - GraLegal","robots":{"index":"index","follow":"follow","max-snippet":"max-snippet:-1","max-image-preview":"max-image-preview:large","max-video-preview":"max-video-preview:-1"},"canonical":"https:\/\/gralegal.com\/ca\/politica-de-cookies\/","og_locale":"ca_ES","og_type":"article","og_title":"Pol\u00edtica de cookies - GraLegal","og_description":"Pol\u00edtica de Cookies Qu\u00e8 \u00e9s una cookie? Una cookie \u00e9s un fitxer que es descarrega al vostre ordinador en accedir a determinades p\u00e0gines web. Les cookies permeten a una p\u00e0gina web, entre altres coses, emmagatzemar i recuperar informaci\u00f3 sobre els h\u00e0bits de navegaci\u00f3 d&#8217;un usuari o del seu equip; depenent de la informaci\u00f3 que continguin [&hellip;]","og_url":"https:\/\/gralegal.com\/ca\/politica-de-cookies\/","og_site_name":"GraLegal","article_modified_time":"2026-03-24T11:26:56+00:00","twitter_card":"summary_large_image","twitter_misc":{"Temps estimat de lectura":"4 minuts"},"schema":{"@context":"https:\/\/schema.org","@graph":[{"@type":"WebPage","@id":"https:\/\/gralegal.com\/ca\/politica-de-cookies\/","url":"https:\/\/gralegal.com\/ca\/politica-de-cookies\/","name":"Pol\u00edtica de cookies - GraLegal","isPartOf":{"@id":"https:\/\/gralegal.com\/ca\/#website"},"datePublished":"2026-02-17T08:44:02+00:00","dateModified":"2026-03-24T11:26:56+00:00","breadcrumb":{"@id":"https:\/\/gralegal.com\/ca\/politica-de-cookies\/#breadcrumb"},"inLanguage":"ca","potentialAction":[{"@type":"ReadAction","target":["https:\/\/gralegal.com\/ca\/politica-de-cookies\/"]}]},{"@type":"BreadcrumbList","@id":"https:\/\/gralegal.com\/ca\/politica-de-cookies\/#breadcrumb","itemListElement":[{"@type":"ListItem","position":1,"name":"Portada","item":"https:\/\/gralegal.com\/ca\/gralegal\/"},{"@type":"ListItem","position":2,"name":"Pol\u00edtica de cookies"}]},{"@type":"WebSite","@id":"https:\/\/gralegal.com\/ca\/#website","url":"https:\/\/gralegal.com\/ca\/","name":"GraLegal","description":"","publisher":{"@id":"https:\/\/gralegal.com\/ca\/#organization"},"potentialAction":[{"@type":"SearchAction","target":{"@type":"EntryPoint","urlTemplate":"https:\/\/gralegal.com\/ca\/?s={search_term_string}"},"query-input":{"@type":"PropertyValueSpecification","valueRequired":true,"valueName":"search_term_string"}}],"inLanguage":"ca"},{"@type":"Organization","@id":"https:\/\/gralegal.com\/ca\/#organization","name":"GraLegal","url":"https:\/\/gralegal.com\/ca\/","logo":{"@type":"ImageObject","inLanguage":"ca","@id":"https:\/\/gralegal.com\/ca\/#\/schema\/logo\/image\/","url":"https:\/\/gralegal.com\/wp-content\/uploads\/2025\/12\/GRALEGAL-LOGO-002-1.png","contentUrl":"https:\/\/gralegal.com\/wp-content\/uploads\/2025\/12\/GRALEGAL-LOGO-002-1.png","width":1627,"height":863,"caption":"GraLegal"},"image":{"@id":"https:\/\/gralegal.com\/ca\/#\/schema\/logo\/image\/"}}]}},"_links":{"self":[{"href":"https:\/\/gralegal.com\/ca\/wp-json\/wp\/v2\/pages\/694","targetHints":{"allow":["GET"]}}],"collection":[{"href":"https:\/\/gralegal.com\/ca\/wp-json\/wp\/v2\/pages"}],"about":[{"href":"https:\/\/gralegal.com\/ca\/wp-json\/wp\/v2\/types\/page"}],"author":[{"embeddable":true,"href":"https:\/\/gralegal.com\/ca\/wp-json\/wp\/v2\/users\/2"}],"replies":[{"embeddable":true,"href":"https:\/\/gralegal.com\/ca\/wp-json\/wp\/v2\/comments?post=694"}],"version-history":[{"count":1,"href":"https:\/\/gralegal.com\/ca\/wp-json\/wp\/v2\/pages\/694\/revisions"}],"predecessor-version":[{"id":695,"href":"https:\/\/gralegal.com\/ca\/wp-json\/wp\/v2\/pages\/694\/revisions\/695"}],"wp:attachment":[{"href":"https:\/\/gralegal.com\/ca\/wp-json\/wp\/v2\/media?parent=694"}],"curies":[{"name":"wp","href":"https:\/\/api.w.org\/{rel}","templated":true}]}}