{"id":681,"date":"2026-02-13T10:28:55","date_gmt":"2026-02-13T10:28:55","guid":{"rendered":"https:\/\/gralegal.com\/noticies\/"},"modified":"2026-03-24T11:26:08","modified_gmt":"2026-03-24T11:26:08","slug":"noticies","status":"publish","type":"page","link":"https:\/\/gralegal.com\/ca\/noticies\/","title":{"rendered":"Not\u00edcies"},"content":{"rendered":"\t\t<div data-elementor-type=\"wp-page\" data-elementor-id=\"681\" class=\"elementor elementor-681 elementor-298\" data-elementor-post-type=\"page\">\n\t\t\t\t\t\t<section class=\"elementor-section elementor-top-section elementor-element elementor-element-b784048 elementor-section-boxed elementor-section-height-default elementor-section-height-default\" data-id=\"b784048\" data-element_type=\"section\" data-e-type=\"section\" data-settings=\"{&quot;background_background&quot;:&quot;classic&quot;}\">\n\t\t\t\t\t\t\t<div class=\"elementor-background-overlay\"><\/div>\n\t\t\t\t\t\t\t<div class=\"elementor-container elementor-column-gap-no\">\n\t\t\t\t\t<div class=\"elementor-column elementor-col-100 elementor-top-column elementor-element elementor-element-357fe6e\" data-id=\"357fe6e\" data-element_type=\"column\" data-e-type=\"column\" data-settings=\"{&quot;background_background&quot;:&quot;classic&quot;}\">\n\t\t\t<div class=\"elementor-widget-wrap elementor-element-populated\">\n\t\t\t\t\t\t<div class=\"elementor-element elementor-element-32bf8b6 elementor-widget__width-initial elementor-invisible elementor-widget elementor-widget-heading\" data-id=\"32bf8b6\" data-element_type=\"widget\" data-e-type=\"widget\" data-settings=\"{&quot;_animation&quot;:&quot;fadeIn&quot;,&quot;_animation_delay&quot;:100}\" data-widget_type=\"heading.default\">\n\t\t\t\t\t<h2 class=\"elementor-heading-title elementor-size-default\">Not\u00edcies<\/h2>\t\t\t\t<\/div>\n\t\t\t\t<div class=\"elementor-element elementor-element-e784ae3 elementor-widget__width-initial elementor-invisible elementor-widget elementor-widget-text-editor\" data-id=\"e784ae3\" data-element_type=\"widget\" data-e-type=\"widget\" data-settings=\"{&quot;_animation&quot;:&quot;fadeIn&quot;,&quot;_animation_delay&quot;:250}\" data-widget_type=\"text-editor.default\">\n\t\t\t\t\t\t\t\t\t<p>A Gralegal Advocats compartim informaci\u00f3 jur\u00eddica actual, novetats legislatives i an\u00e0lisis pr\u00e0ctiques per ajudar-vos a comprendre millor els vostres drets i prendre decisions amb seguretat. El nostre comprom\u00eds \u00e9s mantenir-vos informat amb continguts \u00fatils, rigorosos i orientats a la realitat legal que us afecta. <\/p>\t\t\t\t\t\t\t\t<\/div>\n\t\t\t\t\t<\/div>\n\t\t<\/div>\n\t\t\t\t\t<\/div>\n\t\t<\/section>\n\t\t<div class=\"elementor-element elementor-element-fb2d759 e-flex e-con-boxed e-con e-parent\" data-id=\"fb2d759\" data-element_type=\"container\" data-e-type=\"container\">\n\t\t\t\t\t<div class=\"e-con-inner\">\n\t\t\t\t\t<\/div>\n\t\t\t\t<\/div>\n\t\t\t\t<\/div>\n\t\t","protected":false},"excerpt":{"rendered":"<p>Not\u00edcies A Gralegal Advocats compartim informaci\u00f3 jur\u00eddica actual, novetats legislatives i an\u00e0lisis pr\u00e0ctiques per ajudar-vos a comprendre millor els vostres drets i prendre decisions amb seguretat. El nostre comprom\u00eds \u00e9s mantenir-vos informat amb continguts \u00fatils, rigorosos i orientats a la realitat legal que us afecta.<\/p>\n","protected":false},"author":2,"featured_media":0,"parent":0,"menu_order":0,"comment_status":"closed","ping_status":"closed","template":"","meta":{"footnotes":""},"class_list":["post-681","page","type-page","status-publish","hentry"],"yoast_head":"<!-- This site is optimized with the Yoast SEO plugin v26.8 - https:\/\/yoast.com\/product\/yoast-seo-wordpress\/ -->\n<title>Not\u00edcies - GraLegal<\/title>\n<meta name=\"robots\" content=\"index, follow, max-snippet:-1, max-image-preview:large, max-video-preview:-1\" \/>\n<link rel=\"canonical\" href=\"https:\/\/gralegal.com\/ca\/noticies\/\" \/>\n<meta property=\"og:locale\" content=\"ca_ES\" \/>\n<meta property=\"og:type\" content=\"article\" \/>\n<meta property=\"og:title\" content=\"Not\u00edcies - GraLegal\" \/>\n<meta property=\"og:description\" content=\"Not\u00edcies A Gralegal Advocats compartim informaci\u00f3 jur\u00eddica actual, novetats legislatives i an\u00e0lisis pr\u00e0ctiques per ajudar-vos a comprendre millor els vostres drets i prendre decisions amb seguretat. El nostre comprom\u00eds \u00e9s mantenir-vos informat amb continguts \u00fatils, rigorosos i orientats a la realitat legal que us afecta.\" \/>\n<meta property=\"og:url\" content=\"https:\/\/gralegal.com\/ca\/noticies\/\" \/>\n<meta property=\"og:site_name\" content=\"GraLegal\" \/>\n<meta property=\"article:modified_time\" content=\"2026-03-24T11:26:08+00:00\" \/>\n<meta name=\"twitter:card\" content=\"summary_large_image\" \/>\n<script type=\"application\/ld+json\" class=\"yoast-schema-graph\">{\"@context\":\"https:\/\/schema.org\",\"@graph\":[{\"@type\":\"WebPage\",\"@id\":\"https:\/\/gralegal.com\/ca\/noticies\/\",\"url\":\"https:\/\/gralegal.com\/ca\/noticies\/\",\"name\":\"Not\u00edcies - GraLegal\",\"isPartOf\":{\"@id\":\"https:\/\/gralegal.com\/ca\/#website\"},\"datePublished\":\"2026-02-13T10:28:55+00:00\",\"dateModified\":\"2026-03-24T11:26:08+00:00\",\"breadcrumb\":{\"@id\":\"https:\/\/gralegal.com\/ca\/noticies\/#breadcrumb\"},\"inLanguage\":\"ca\",\"potentialAction\":[{\"@type\":\"ReadAction\",\"target\":[\"https:\/\/gralegal.com\/ca\/noticies\/\"]}]},{\"@type\":\"BreadcrumbList\",\"@id\":\"https:\/\/gralegal.com\/ca\/noticies\/#breadcrumb\",\"itemListElement\":[{\"@type\":\"ListItem\",\"position\":1,\"name\":\"Portada\",\"item\":\"https:\/\/gralegal.com\/ca\/gralegal\/\"},{\"@type\":\"ListItem\",\"position\":2,\"name\":\"Not\u00edcies\"}]},{\"@type\":\"WebSite\",\"@id\":\"https:\/\/gralegal.com\/ca\/#website\",\"url\":\"https:\/\/gralegal.com\/ca\/\",\"name\":\"GraLegal\",\"description\":\"\",\"publisher\":{\"@id\":\"https:\/\/gralegal.com\/ca\/#organization\"},\"potentialAction\":[{\"@type\":\"SearchAction\",\"target\":{\"@type\":\"EntryPoint\",\"urlTemplate\":\"https:\/\/gralegal.com\/ca\/?s={search_term_string}\"},\"query-input\":{\"@type\":\"PropertyValueSpecification\",\"valueRequired\":true,\"valueName\":\"search_term_string\"}}],\"inLanguage\":\"ca\"},{\"@type\":\"Organization\",\"@id\":\"https:\/\/gralegal.com\/ca\/#organization\",\"name\":\"GraLegal\",\"url\":\"https:\/\/gralegal.com\/ca\/\",\"logo\":{\"@type\":\"ImageObject\",\"inLanguage\":\"ca\",\"@id\":\"https:\/\/gralegal.com\/ca\/#\/schema\/logo\/image\/\",\"url\":\"https:\/\/gralegal.com\/wp-content\/uploads\/2025\/12\/GRALEGAL-LOGO-002-1.png\",\"contentUrl\":\"https:\/\/gralegal.com\/wp-content\/uploads\/2025\/12\/GRALEGAL-LOGO-002-1.png\",\"width\":1627,\"height\":863,\"caption\":\"GraLegal\"},\"image\":{\"@id\":\"https:\/\/gralegal.com\/ca\/#\/schema\/logo\/image\/\"}}]}<\/script>\n<!-- \/ Yoast SEO plugin. -->","yoast_head_json":{"title":"Not\u00edcies - GraLegal","robots":{"index":"index","follow":"follow","max-snippet":"max-snippet:-1","max-image-preview":"max-image-preview:large","max-video-preview":"max-video-preview:-1"},"canonical":"https:\/\/gralegal.com\/ca\/noticies\/","og_locale":"ca_ES","og_type":"article","og_title":"Not\u00edcies - GraLegal","og_description":"Not\u00edcies A Gralegal Advocats compartim informaci\u00f3 jur\u00eddica actual, novetats legislatives i an\u00e0lisis pr\u00e0ctiques per ajudar-vos a comprendre millor els vostres drets i prendre decisions amb seguretat. El nostre comprom\u00eds \u00e9s mantenir-vos informat amb continguts \u00fatils, rigorosos i orientats a la realitat legal que us afecta.","og_url":"https:\/\/gralegal.com\/ca\/noticies\/","og_site_name":"GraLegal","article_modified_time":"2026-03-24T11:26:08+00:00","twitter_card":"summary_large_image","schema":{"@context":"https:\/\/schema.org","@graph":[{"@type":"WebPage","@id":"https:\/\/gralegal.com\/ca\/noticies\/","url":"https:\/\/gralegal.com\/ca\/noticies\/","name":"Not\u00edcies - GraLegal","isPartOf":{"@id":"https:\/\/gralegal.com\/ca\/#website"},"datePublished":"2026-02-13T10:28:55+00:00","dateModified":"2026-03-24T11:26:08+00:00","breadcrumb":{"@id":"https:\/\/gralegal.com\/ca\/noticies\/#breadcrumb"},"inLanguage":"ca","potentialAction":[{"@type":"ReadAction","target":["https:\/\/gralegal.com\/ca\/noticies\/"]}]},{"@type":"BreadcrumbList","@id":"https:\/\/gralegal.com\/ca\/noticies\/#breadcrumb","itemListElement":[{"@type":"ListItem","position":1,"name":"Portada","item":"https:\/\/gralegal.com\/ca\/gralegal\/"},{"@type":"ListItem","position":2,"name":"Not\u00edcies"}]},{"@type":"WebSite","@id":"https:\/\/gralegal.com\/ca\/#website","url":"https:\/\/gralegal.com\/ca\/","name":"GraLegal","description":"","publisher":{"@id":"https:\/\/gralegal.com\/ca\/#organization"},"potentialAction":[{"@type":"SearchAction","target":{"@type":"EntryPoint","urlTemplate":"https:\/\/gralegal.com\/ca\/?s={search_term_string}"},"query-input":{"@type":"PropertyValueSpecification","valueRequired":true,"valueName":"search_term_string"}}],"inLanguage":"ca"},{"@type":"Organization","@id":"https:\/\/gralegal.com\/ca\/#organization","name":"GraLegal","url":"https:\/\/gralegal.com\/ca\/","logo":{"@type":"ImageObject","inLanguage":"ca","@id":"https:\/\/gralegal.com\/ca\/#\/schema\/logo\/image\/","url":"https:\/\/gralegal.com\/wp-content\/uploads\/2025\/12\/GRALEGAL-LOGO-002-1.png","contentUrl":"https:\/\/gralegal.com\/wp-content\/uploads\/2025\/12\/GRALEGAL-LOGO-002-1.png","width":1627,"height":863,"caption":"GraLegal"},"image":{"@id":"https:\/\/gralegal.com\/ca\/#\/schema\/logo\/image\/"}}]}},"_links":{"self":[{"href":"https:\/\/gralegal.com\/ca\/wp-json\/wp\/v2\/pages\/681","targetHints":{"allow":["GET"]}}],"collection":[{"href":"https:\/\/gralegal.com\/ca\/wp-json\/wp\/v2\/pages"}],"about":[{"href":"https:\/\/gralegal.com\/ca\/wp-json\/wp\/v2\/types\/page"}],"author":[{"embeddable":true,"href":"https:\/\/gralegal.com\/ca\/wp-json\/wp\/v2\/users\/2"}],"replies":[{"embeddable":true,"href":"https:\/\/gralegal.com\/ca\/wp-json\/wp\/v2\/comments?post=681"}],"version-history":[{"count":3,"href":"https:\/\/gralegal.com\/ca\/wp-json\/wp\/v2\/pages\/681\/revisions"}],"predecessor-version":[{"id":687,"href":"https:\/\/gralegal.com\/ca\/wp-json\/wp\/v2\/pages\/681\/revisions\/687"}],"wp:attachment":[{"href":"https:\/\/gralegal.com\/ca\/wp-json\/wp\/v2\/media?parent=681"}],"curies":[{"name":"wp","href":"https:\/\/api.w.org\/{rel}","templated":true}]}}