{"id":680,"date":"2026-02-17T08:39:41","date_gmt":"2026-02-17T08:39:41","guid":{"rendered":"https:\/\/gralegal.com\/politica-de-privacitat\/"},"modified":"2026-03-24T11:26:03","modified_gmt":"2026-03-24T11:26:03","slug":"politica-de-privacitat","status":"publish","type":"page","link":"https:\/\/gralegal.com\/ca\/politica-de-privacitat\/","title":{"rendered":"Pol\u00edtica de privacitat"},"content":{"rendered":"\t\t<div data-elementor-type=\"wp-page\" data-elementor-id=\"680\" class=\"elementor elementor-680 elementor-469\" data-elementor-post-type=\"page\">\n\t\t\t\t\t\t<section class=\"elementor-section elementor-top-section elementor-element elementor-element-19baeb9 elementor-section-height-min-height elementor-section-boxed elementor-section-height-default elementor-section-items-middle\" data-id=\"19baeb9\" data-element_type=\"section\" data-e-type=\"section\" data-settings=\"{&quot;background_background&quot;:&quot;classic&quot;}\">\n\t\t\t\t\t\t\t<div class=\"elementor-background-overlay\"><\/div>\n\t\t\t\t\t\t\t<div class=\"elementor-container elementor-column-gap-no\">\n\t\t\t\t\t<div class=\"elementor-column elementor-col-100 elementor-top-column elementor-element elementor-element-2c47998\" data-id=\"2c47998\" data-element_type=\"column\" data-e-type=\"column\" data-settings=\"{&quot;background_background&quot;:&quot;classic&quot;}\">\n\t\t\t<div class=\"elementor-widget-wrap elementor-element-populated\">\n\t\t\t\t\t\t<div class=\"elementor-element elementor-element-65ecf34 elementor-widget elementor-widget-spacer\" data-id=\"65ecf34\" data-element_type=\"widget\" data-e-type=\"widget\" data-widget_type=\"spacer.default\">\n\t\t\t\t\t\t\t<div class=\"elementor-spacer\">\n\t\t\t<div class=\"elementor-spacer-inner\"><\/div>\n\t\t<\/div>\n\t\t\t\t\t\t<\/div>\n\t\t\t\t<div class=\"elementor-element elementor-element-0eeb1c2 elementor-widget__width-initial elementor-invisible elementor-widget elementor-widget-heading\" data-id=\"0eeb1c2\" data-element_type=\"widget\" data-e-type=\"widget\" data-settings=\"{&quot;_animation&quot;:&quot;fadeIn&quot;,&quot;_animation_delay&quot;:100}\" data-widget_type=\"heading.default\">\n\t\t\t\t\t<h2 class=\"elementor-heading-title elementor-size-default\">Pol\u00edtica de privacitat<\/h2>\t\t\t\t<\/div>\n\t\t\t\t\t<\/div>\n\t\t<\/div>\n\t\t\t\t\t<\/div>\n\t\t<\/section>\n\t\t\t\t<section class=\"elementor-section elementor-top-section elementor-element elementor-element-5cba0a2 elementor-section-content-middle elementor-reverse-tablet elementor-reverse-mobile elementor-section-boxed elementor-section-height-default elementor-section-height-default\" data-id=\"5cba0a2\" data-element_type=\"section\" data-e-type=\"section\">\n\t\t\t\t\t\t<div class=\"elementor-container elementor-column-gap-no\">\n\t\t\t\t\t<div class=\"elementor-column elementor-col-100 elementor-top-column elementor-element elementor-element-968ecf5 elementor-invisible\" data-id=\"968ecf5\" data-element_type=\"column\" data-e-type=\"column\" data-settings=\"{&quot;animation&quot;:&quot;fadeIn&quot;,&quot;animation_delay&quot;:300}\">\n\t\t\t<div class=\"elementor-widget-wrap elementor-element-populated\">\n\t\t\t\t\t\t<div class=\"elementor-element elementor-element-2b8bb08 elementor-widget__width-initial elementor-invisible elementor-widget elementor-widget-text-editor\" data-id=\"2b8bb08\" data-element_type=\"widget\" data-e-type=\"widget\" data-settings=\"{&quot;_animation&quot;:&quot;fadeIn&quot;,&quot;_animation_delay&quot;:250}\" data-widget_type=\"text-editor.default\">\n\t\t\t\t\t\t\t\t\t<p data-start=\"235\" data-end=\"575\">A trav\u00e9s d&#8217;aquest av\u00eds, s&#8217;informa que les dades personals que es proporcionin a trav\u00e9s d&#8217;aquesta web seran tractades per ALFREDO ALONSO D\u00cdAZ, amb DNI 46971964J, domicili social al C\/ Josep Umbert i Ventura, 72 &#8211; 74, local 2 de Granollers (Barcelona) i correu electr\u00f2nic aalonso@gralegal.com (d&#8217;ara endavant, el Prestador del Servei).<\/p><p data-start=\"577\" data-end=\"1307\">La finalitat del tractament de les dades que ens facilitin els usuaris \u00e9s exclusivament la de tramitar la seva petici\u00f3 de consulta que realitzi a trav\u00e9s d&#8217;aquest lloc web, i si escau, si els usuaris expressament ho consenten mitjan\u00e7ant la marcaci\u00f3 de la casella corresponent, amb la finalitat d&#8217;enviar-los informaci\u00f3 del nostre inter\u00e8s, remetre&#8217;ls informaci\u00f3 sobre les activitats del Prestador del Servei que puguin resultar del seu inter\u00e8s, per qualsevol mitj\u00e0, inclosos mitjans electr\u00f2nics. El consentiment prestat, que constitueix la base jur\u00eddica que legitima el tractament de les dades, \u00e9s revocable en qualsevol moment sense que aix\u00f2 afecti la licitud del tractament basat en el consentiment previ a la seva retirada. <\/p><p data-start=\"1309\" data-end=\"1737\">Tret que s&#8217;estableixi el contrari, es considerar\u00e0 necessari omplir totes les dades requerides en el formulari de dades. En cas de no subministrar totes les dades estimades com a necess\u00e0ries, el Prestador del Servei podr\u00e0, depenent del cas, no tramitar la concreta sol\u00b7licitud que s&#8217;efectu\u00ef. Les dades facilitades es conservaran fins al moment en qu\u00e8 els usuaris decideixin revocar el seu consentiment al tractament.  <\/p><p data-start=\"1739\" data-end=\"2019\">Els usuaris hauran d&#8217;omplir els formularis amb dades veritables, exactes, completes i actualitzades, responent dels danys i perjudicis que pogu\u00e9s ocasionar a causa de l&#8217;incompliment defectu\u00f3s dels formularis amb dades falses, inexactes, incompletes o no actualitzades.<\/p><p data-start=\"2021\" data-end=\"2331\">El Prestador del Servei ha adoptat els nivells de seguretat de protecci\u00f3 de les dades personals exigits en la legislaci\u00f3 vigent de protecci\u00f3 de dades, instal\u00b7lant les mesures t\u00e8cniques i organitzatives necess\u00e0ries per evitar la p\u00e8rdua, mal \u00fas, alteraci\u00f3, acc\u00e9s no autoritzat i altres riscos possibles.<\/p><p data-start=\"2333\" data-end=\"2645\">Igualment, el Prestador del Servei es compromet al compliment de la seva obligaci\u00f3 de secret de les dades personals i del seu deure de guardar-les i adoptar\u00e0 les mesures necess\u00e0ries per evitar la seva alteraci\u00f3, p\u00e8rdua, tractament o acc\u00e9s no autoritzat, tenint en compte en tot moment l&#8217;estat de la tecnologia.<\/p><p data-start=\"2647\" data-end=\"3201\">El titular de les dades t\u00e9 dret a sol\u00b7licitar l&#8217;acc\u00e9s a aquestes, la seva rectificaci\u00f3 o supressi\u00f3, aix\u00ed com la limitaci\u00f3 del seu tractament, a oposar-se al mateix i a la portabilitat de les seves dades, en els casos previstos en el Reglament General de Protecci\u00f3 de Dades, dirigint una comunicaci\u00f3 escrita a ALFREDO ALONSO D\u00cdAZ o a l&#8217;adre\u00e7a postal situada al C\/ Josep Umbert, 72 \u2013 74, local 2, Granollers (08402) o a l&#8217;adre\u00e7a electr\u00f2nica <a class=\"decorated-link cursor-pointer\" rel=\"noopener\" data-start=\"3094\" data-end=\"3113\">aalonso@gralegal.com<\/a> en ambd\u00f3s casos, incloent-hi c\u00f2pia del seu DNI o un altre document identificatiu equivalent.<\/p><p data-start=\"3203\" data-end=\"3548\">En cas que el Prestador del Servei prest\u00e9s algun tipus de servei especial en el qual determini unes previsions espec\u00edfiques diferents a aquestes, pel que fa a la protecci\u00f3 de dades, tindr\u00e0 primacia l&#8217;aplicaci\u00f3 de les normes particulars indicades per a aquest servei en particular per sobre de les presents, en cas de discrep\u00e0ncies.<\/p><p data-start=\"3550\" data-end=\"3712\">El Prestador del Servei es reserva el dret a modificar la present pol\u00edtica, informant pr\u00e8viament els usuaris dels canvis que s&#8217;hi introdueixin.<\/p><p data-start=\"3714\" data-end=\"3889\">Els usuaris tenen dret a presentar una reclamaci\u00f3 davant l&#8217;Ag\u00e8ncia Espanyola de Protecci\u00f3 de Dades si estimen que els seus drets de protecci\u00f3 de dades han estat vulnerats.<\/p>\t\t\t\t\t\t\t\t<\/div>\n\t\t\t\t\t<\/div>\n\t\t<\/div>\n\t\t\t\t\t<\/div>\n\t\t<\/section>\n\t\t\t\t<\/div>\n\t\t","protected":false},"excerpt":{"rendered":"<p>Pol\u00edtica de privacitat A trav\u00e9s d&#8217;aquest av\u00eds, s&#8217;informa que les dades personals que es proporcionin a trav\u00e9s d&#8217;aquesta web seran tractades per ALFREDO ALONSO D\u00cdAZ, amb DNI 46971964J, domicili social al C\/ Josep Umbert i Ventura, 72 &#8211; 74, local 2 de Granollers (Barcelona) i correu electr\u00f2nic aalonso@gralegal.com (d&#8217;ara endavant, el Prestador del Servei). La [&hellip;]<\/p>\n","protected":false},"author":2,"featured_media":0,"parent":0,"menu_order":0,"comment_status":"closed","ping_status":"closed","template":"","meta":{"footnotes":""},"class_list":["post-680","page","type-page","status-publish","hentry"],"yoast_head":"<!-- This site is optimized with the Yoast SEO plugin v26.8 - https:\/\/yoast.com\/product\/yoast-seo-wordpress\/ -->\n<title>Pol\u00edtica de privacitat - GraLegal<\/title>\n<meta name=\"robots\" content=\"index, follow, max-snippet:-1, max-image-preview:large, max-video-preview:-1\" \/>\n<link rel=\"canonical\" href=\"https:\/\/gralegal.com\/ca\/politica-de-privacitat\/\" \/>\n<meta property=\"og:locale\" content=\"ca_ES\" \/>\n<meta property=\"og:type\" content=\"article\" \/>\n<meta property=\"og:title\" content=\"Pol\u00edtica de privacitat - GraLegal\" \/>\n<meta property=\"og:description\" content=\"Pol\u00edtica de privacitat A trav\u00e9s d&#8217;aquest av\u00eds, s&#8217;informa que les dades personals que es proporcionin a trav\u00e9s d&#8217;aquesta web seran tractades per ALFREDO ALONSO D\u00cdAZ, amb DNI 46971964J, domicili social al C\/ Josep Umbert i Ventura, 72 &#8211; 74, local 2 de Granollers (Barcelona) i correu electr\u00f2nic aalonso@gralegal.com (d&#8217;ara endavant, el Prestador del Servei). La [&hellip;]\" \/>\n<meta property=\"og:url\" content=\"https:\/\/gralegal.com\/ca\/politica-de-privacitat\/\" \/>\n<meta property=\"og:site_name\" content=\"GraLegal\" \/>\n<meta property=\"article:modified_time\" content=\"2026-03-24T11:26:03+00:00\" \/>\n<meta name=\"twitter:card\" content=\"summary_large_image\" \/>\n<meta name=\"twitter:label1\" content=\"Temps estimat de lectura\" \/>\n\t<meta name=\"twitter:data1\" content=\"3 minuts\" \/>\n<script type=\"application\/ld+json\" class=\"yoast-schema-graph\">{\"@context\":\"https:\/\/schema.org\",\"@graph\":[{\"@type\":\"WebPage\",\"@id\":\"https:\/\/gralegal.com\/ca\/politica-de-privacitat\/\",\"url\":\"https:\/\/gralegal.com\/ca\/politica-de-privacitat\/\",\"name\":\"Pol\u00edtica de privacitat - GraLegal\",\"isPartOf\":{\"@id\":\"https:\/\/gralegal.com\/ca\/#website\"},\"datePublished\":\"2026-02-17T08:39:41+00:00\",\"dateModified\":\"2026-03-24T11:26:03+00:00\",\"breadcrumb\":{\"@id\":\"https:\/\/gralegal.com\/ca\/politica-de-privacitat\/#breadcrumb\"},\"inLanguage\":\"ca\",\"potentialAction\":[{\"@type\":\"ReadAction\",\"target\":[\"https:\/\/gralegal.com\/ca\/politica-de-privacitat\/\"]}]},{\"@type\":\"BreadcrumbList\",\"@id\":\"https:\/\/gralegal.com\/ca\/politica-de-privacitat\/#breadcrumb\",\"itemListElement\":[{\"@type\":\"ListItem\",\"position\":1,\"name\":\"Portada\",\"item\":\"https:\/\/gralegal.com\/ca\/gralegal\/\"},{\"@type\":\"ListItem\",\"position\":2,\"name\":\"Pol\u00edtica de privacitat\"}]},{\"@type\":\"WebSite\",\"@id\":\"https:\/\/gralegal.com\/ca\/#website\",\"url\":\"https:\/\/gralegal.com\/ca\/\",\"name\":\"GraLegal\",\"description\":\"\",\"publisher\":{\"@id\":\"https:\/\/gralegal.com\/ca\/#organization\"},\"potentialAction\":[{\"@type\":\"SearchAction\",\"target\":{\"@type\":\"EntryPoint\",\"urlTemplate\":\"https:\/\/gralegal.com\/ca\/?s={search_term_string}\"},\"query-input\":{\"@type\":\"PropertyValueSpecification\",\"valueRequired\":true,\"valueName\":\"search_term_string\"}}],\"inLanguage\":\"ca\"},{\"@type\":\"Organization\",\"@id\":\"https:\/\/gralegal.com\/ca\/#organization\",\"name\":\"GraLegal\",\"url\":\"https:\/\/gralegal.com\/ca\/\",\"logo\":{\"@type\":\"ImageObject\",\"inLanguage\":\"ca\",\"@id\":\"https:\/\/gralegal.com\/ca\/#\/schema\/logo\/image\/\",\"url\":\"https:\/\/gralegal.com\/wp-content\/uploads\/2025\/12\/GRALEGAL-LOGO-002-1.png\",\"contentUrl\":\"https:\/\/gralegal.com\/wp-content\/uploads\/2025\/12\/GRALEGAL-LOGO-002-1.png\",\"width\":1627,\"height\":863,\"caption\":\"GraLegal\"},\"image\":{\"@id\":\"https:\/\/gralegal.com\/ca\/#\/schema\/logo\/image\/\"}}]}<\/script>\n<!-- \/ Yoast SEO plugin. -->","yoast_head_json":{"title":"Pol\u00edtica de privacitat - GraLegal","robots":{"index":"index","follow":"follow","max-snippet":"max-snippet:-1","max-image-preview":"max-image-preview:large","max-video-preview":"max-video-preview:-1"},"canonical":"https:\/\/gralegal.com\/ca\/politica-de-privacitat\/","og_locale":"ca_ES","og_type":"article","og_title":"Pol\u00edtica de privacitat - GraLegal","og_description":"Pol\u00edtica de privacitat A trav\u00e9s d&#8217;aquest av\u00eds, s&#8217;informa que les dades personals que es proporcionin a trav\u00e9s d&#8217;aquesta web seran tractades per ALFREDO ALONSO D\u00cdAZ, amb DNI 46971964J, domicili social al C\/ Josep Umbert i Ventura, 72 &#8211; 74, local 2 de Granollers (Barcelona) i correu electr\u00f2nic aalonso@gralegal.com (d&#8217;ara endavant, el Prestador del Servei). La [&hellip;]","og_url":"https:\/\/gralegal.com\/ca\/politica-de-privacitat\/","og_site_name":"GraLegal","article_modified_time":"2026-03-24T11:26:03+00:00","twitter_card":"summary_large_image","twitter_misc":{"Temps estimat de lectura":"3 minuts"},"schema":{"@context":"https:\/\/schema.org","@graph":[{"@type":"WebPage","@id":"https:\/\/gralegal.com\/ca\/politica-de-privacitat\/","url":"https:\/\/gralegal.com\/ca\/politica-de-privacitat\/","name":"Pol\u00edtica de privacitat - GraLegal","isPartOf":{"@id":"https:\/\/gralegal.com\/ca\/#website"},"datePublished":"2026-02-17T08:39:41+00:00","dateModified":"2026-03-24T11:26:03+00:00","breadcrumb":{"@id":"https:\/\/gralegal.com\/ca\/politica-de-privacitat\/#breadcrumb"},"inLanguage":"ca","potentialAction":[{"@type":"ReadAction","target":["https:\/\/gralegal.com\/ca\/politica-de-privacitat\/"]}]},{"@type":"BreadcrumbList","@id":"https:\/\/gralegal.com\/ca\/politica-de-privacitat\/#breadcrumb","itemListElement":[{"@type":"ListItem","position":1,"name":"Portada","item":"https:\/\/gralegal.com\/ca\/gralegal\/"},{"@type":"ListItem","position":2,"name":"Pol\u00edtica de privacitat"}]},{"@type":"WebSite","@id":"https:\/\/gralegal.com\/ca\/#website","url":"https:\/\/gralegal.com\/ca\/","name":"GraLegal","description":"","publisher":{"@id":"https:\/\/gralegal.com\/ca\/#organization"},"potentialAction":[{"@type":"SearchAction","target":{"@type":"EntryPoint","urlTemplate":"https:\/\/gralegal.com\/ca\/?s={search_term_string}"},"query-input":{"@type":"PropertyValueSpecification","valueRequired":true,"valueName":"search_term_string"}}],"inLanguage":"ca"},{"@type":"Organization","@id":"https:\/\/gralegal.com\/ca\/#organization","name":"GraLegal","url":"https:\/\/gralegal.com\/ca\/","logo":{"@type":"ImageObject","inLanguage":"ca","@id":"https:\/\/gralegal.com\/ca\/#\/schema\/logo\/image\/","url":"https:\/\/gralegal.com\/wp-content\/uploads\/2025\/12\/GRALEGAL-LOGO-002-1.png","contentUrl":"https:\/\/gralegal.com\/wp-content\/uploads\/2025\/12\/GRALEGAL-LOGO-002-1.png","width":1627,"height":863,"caption":"GraLegal"},"image":{"@id":"https:\/\/gralegal.com\/ca\/#\/schema\/logo\/image\/"}}]}},"_links":{"self":[{"href":"https:\/\/gralegal.com\/ca\/wp-json\/wp\/v2\/pages\/680","targetHints":{"allow":["GET"]}}],"collection":[{"href":"https:\/\/gralegal.com\/ca\/wp-json\/wp\/v2\/pages"}],"about":[{"href":"https:\/\/gralegal.com\/ca\/wp-json\/wp\/v2\/types\/page"}],"author":[{"embeddable":true,"href":"https:\/\/gralegal.com\/ca\/wp-json\/wp\/v2\/users\/2"}],"replies":[{"embeddable":true,"href":"https:\/\/gralegal.com\/ca\/wp-json\/wp\/v2\/comments?post=680"}],"version-history":[{"count":1,"href":"https:\/\/gralegal.com\/ca\/wp-json\/wp\/v2\/pages\/680\/revisions"}],"predecessor-version":[{"id":682,"href":"https:\/\/gralegal.com\/ca\/wp-json\/wp\/v2\/pages\/680\/revisions\/682"}],"wp:attachment":[{"href":"https:\/\/gralegal.com\/ca\/wp-json\/wp\/v2\/media?parent=680"}],"curies":[{"name":"wp","href":"https:\/\/api.w.org\/{rel}","templated":true}]}}