{"id":673,"date":"2026-02-17T09:26:33","date_gmt":"2026-02-17T09:26:33","guid":{"rendered":"https:\/\/gralegal.com\/equip-professional\/"},"modified":"2026-03-24T11:20:29","modified_gmt":"2026-03-24T11:20:29","slug":"equip-professional","status":"publish","type":"page","link":"https:\/\/gralegal.com\/ca\/equip-professional\/","title":{"rendered":"Equip professional"},"content":{"rendered":"\t\t<div data-elementor-type=\"wp-page\" data-elementor-id=\"673\" class=\"elementor elementor-673 elementor-480\" data-elementor-post-type=\"page\">\n\t\t\t\t\t\t<section class=\"elementor-section elementor-top-section elementor-element elementor-element-7571812 elementor-section-height-min-height elementor-section-boxed elementor-section-height-default elementor-section-items-middle\" data-id=\"7571812\" data-element_type=\"section\" data-e-type=\"section\" data-settings=\"{&quot;background_background&quot;:&quot;classic&quot;}\">\n\t\t\t\t\t\t\t<div class=\"elementor-background-overlay\"><\/div>\n\t\t\t\t\t\t\t<div class=\"elementor-container elementor-column-gap-no\">\n\t\t\t\t\t<div class=\"elementor-column elementor-col-100 elementor-top-column elementor-element elementor-element-f8fd4f0\" data-id=\"f8fd4f0\" data-element_type=\"column\" data-e-type=\"column\" data-settings=\"{&quot;background_background&quot;:&quot;classic&quot;}\">\n\t\t\t<div class=\"elementor-widget-wrap elementor-element-populated\">\n\t\t\t\t\t\t<div class=\"elementor-element elementor-element-74558fd elementor-widget elementor-widget-spacer\" data-id=\"74558fd\" data-element_type=\"widget\" data-e-type=\"widget\" data-widget_type=\"spacer.default\">\n\t\t\t\t\t\t\t<div class=\"elementor-spacer\">\n\t\t\t<div class=\"elementor-spacer-inner\"><\/div>\n\t\t<\/div>\n\t\t\t\t\t\t<\/div>\n\t\t\t\t<div class=\"elementor-element elementor-element-8e82e22 elementor-widget__width-initial elementor-invisible elementor-widget elementor-widget-heading\" data-id=\"8e82e22\" data-element_type=\"widget\" data-e-type=\"widget\" data-settings=\"{&quot;_animation&quot;:&quot;fadeIn&quot;,&quot;_animation_delay&quot;:100}\" data-widget_type=\"heading.default\">\n\t\t\t\t\t<h2 class=\"elementor-heading-title elementor-size-default\">Equip professional<\/h2>\t\t\t\t<\/div>\n\t\t\t\t<div class=\"elementor-element elementor-element-03499c3 elementor-widget__width-initial elementor-widget-mobile__width-initial elementor-invisible elementor-widget elementor-widget-text-editor\" data-id=\"03499c3\" data-element_type=\"widget\" data-e-type=\"widget\" data-settings=\"{&quot;_animation&quot;:&quot;fadeIn&quot;,&quot;_animation_delay&quot;:250}\" data-widget_type=\"text-editor.default\">\n\t\t\t\t\t\t\t\t\t<p data-start=\"368\" data-end=\"738\">A GRALEGAL ADVOCATS \u00b7 ABOGADOS comptem amb un equip professional altament qualificat, comprom\u00e8s amb l&#8217;excel\u00b7l\u00e8ncia jur\u00eddica i la defensa dels interessos dels nostres clients. La nostra experi\u00e8ncia, especialitzaci\u00f3 i enfocament estrat\u00e8gic ens permeten oferir solucions eficaces davant qualsevol repte legal. El despatx compta aix\u00ed mateix amb un equip d&#8217;advocats especialitzats per oferir als seus clients un assessorament jur\u00eddic personalitzat i de qualitat.  <\/p><p data-start=\"1290\" data-end=\"1441\"> <\/p>\t\t\t\t\t\t\t\t<\/div>\n\t\t\t\t\t<\/div>\n\t\t<\/div>\n\t\t\t\t\t<\/div>\n\t\t<\/section>\n\t\t\t\t<section class=\"elementor-section elementor-top-section elementor-element elementor-element-fc06a5d elementor-section-content-middle elementor-reverse-tablet elementor-reverse-mobile elementor-section-boxed elementor-section-height-default elementor-section-height-default\" data-id=\"fc06a5d\" data-element_type=\"section\" data-e-type=\"section\">\n\t\t\t\t\t\t<div class=\"elementor-container elementor-column-gap-no\">\n\t\t\t\t\t<div class=\"elementor-column elementor-col-50 elementor-top-column elementor-element elementor-element-75843d1 elementor-invisible\" data-id=\"75843d1\" data-element_type=\"column\" data-e-type=\"column\" data-settings=\"{&quot;animation&quot;:&quot;fadeIn&quot;,&quot;animation_delay&quot;:100}\">\n\t\t\t<div class=\"elementor-widget-wrap elementor-element-populated\">\n\t\t\t\t\t\t<div class=\"elementor-element elementor-element-2b00ceb elementor-widget elementor-widget-image\" data-id=\"2b00ceb\" data-element_type=\"widget\" data-e-type=\"widget\" data-widget_type=\"image.default\">\n\t\t\t\t\t\t\t\t\t\t\t\t\t\t\t<img fetchpriority=\"high\" decoding=\"async\" width=\"800\" height=\"1200\" src=\"https:\/\/gralegal.com\/wp-content\/uploads\/2026\/02\/alfredo-alonso-abogado-granollers.jpg\" class=\"attachment-full size-full wp-image-674\" alt=\"alfredo alonso advocat granollers\" srcset=\"https:\/\/gralegal.com\/wp-content\/uploads\/2026\/02\/alfredo-alonso-abogado-granollers.jpg 800w, https:\/\/gralegal.com\/wp-content\/uploads\/2026\/02\/alfredo-alonso-abogado-granollers-200x300.jpg 200w, https:\/\/gralegal.com\/wp-content\/uploads\/2026\/02\/alfredo-alonso-abogado-granollers-683x1024.jpg 683w, https:\/\/gralegal.com\/wp-content\/uploads\/2026\/02\/alfredo-alonso-abogado-granollers-768x1152.jpg 768w\" sizes=\"(max-width: 800px) 100vw, 800px\" \/>\t\t\t\t\t\t\t\t\t\t\t\t\t\t\t<\/div>\n\t\t\t\t\t<\/div>\n\t\t<\/div>\n\t\t\t\t<div class=\"elementor-column elementor-col-50 elementor-top-column elementor-element elementor-element-71021b9 elementor-invisible\" data-id=\"71021b9\" data-element_type=\"column\" data-e-type=\"column\" data-settings=\"{&quot;animation&quot;:&quot;fadeIn&quot;,&quot;animation_delay&quot;:300}\">\n\t\t\t<div class=\"elementor-widget-wrap elementor-element-populated\">\n\t\t\t\t\t\t<div class=\"elementor-element elementor-element-cfa7c32 elementor-widget__width-initial elementor-invisible elementor-widget elementor-widget-heading\" data-id=\"cfa7c32\" data-element_type=\"widget\" data-e-type=\"widget\" data-settings=\"{&quot;_animation&quot;:&quot;fadeIn&quot;,&quot;_animation_delay&quot;:100}\" data-widget_type=\"heading.default\">\n\t\t\t\t\t<h2 class=\"elementor-heading-title elementor-size-default\">Alfredo Alonso<\/h2>\t\t\t\t<\/div>\n\t\t\t\t<div class=\"elementor-element elementor-element-dd26b10 elementor-widget__width-initial elementor-invisible elementor-widget elementor-widget-text-editor\" data-id=\"dd26b10\" data-element_type=\"widget\" data-e-type=\"widget\" data-settings=\"{&quot;_animation&quot;:&quot;fadeIn&quot;,&quot;_animation_delay&quot;:250}\" data-widget_type=\"text-editor.default\">\n\t\t\t\t\t\t\t\t\t<h3 data-start=\"745\" data-end=\"813\">Soci Fundador<\/h3><p data-start=\"247\" data-end=\"338\"><strong>Membre de l&#8217;Il\u00b7lustre Col\u00b7legi de l&#8217;Advocacia de Barcelona (n\u00famero 36302)<\/strong><\/p><p data-start=\"340\" data-end=\"966\">La seva traject\u00f2ria professional s&#8217;ha centrat en l&#8217;\u00e0mbit del Dret Civil i Mercantil. Ha assessorat i defensat els seus clients, tant persones f\u00edsiques com jur\u00eddiques, en mat\u00e8ries com el dret de la construcci\u00f3, el dret immobiliari i registral, el dret bancari, el dret de fam\u00edlia i successions. Aix\u00ed mateix, compta amb gran experi\u00e8ncia assessorant administradors de societats mercantils, agents de la propietat immobili\u00e0ria, administradors de finques i altres professionals del sector immobiliari. Ha impartit classes en el marc del curs oficial habilitant per a Agents Immobiliaris. Expert en arbitratge.    <\/p><p data-start=\"968\" data-end=\"1469\"><strong data-start=\"968\" data-end=\"991\">Formaci\u00f3 acad\u00e8mica<\/strong><\/p><div>Curs d&#8217;especialitzaci\u00f3 en arbitratge (Il\u00b7lustre Col\u00b7legi d&#8217;Advocats de Barcelona)<\/div><div>M\u00e0ster en Pr\u00e0ctica Processal Civil (Centre d&#8217;Estudis i Investigacions Jur\u00eddiques)<\/div><div>Expert Universitari en Pr\u00e0ctica Processal Civil (Universitat Internacional Isabel I)<\/div><div>Curs d&#8217;especialitzaci\u00f3 en LOPD (Il\u00b7lustre Col\u00b7legi d&#8217;Advocats de Barcelona)<\/div><div>Curs d&#8217;especialitzaci\u00f3 en Propietat Horitzontal Catalana (Il\u00b7lustre Col\u00b7legi d&#8217;Advocats de Barcelona)<\/div><div>Curs d&#8217;especialitzaci\u00f3 en Dret de la Construcci\u00f3 (Il\u00b7lustre Col\u00b7legi d&#8217;Advocats de Barcelona)<\/div><div>Llicenciat en Dret (Universitat de Barcelona)<\/div><p data-start=\"968\" data-end=\"1469\"><br data-start=\"1316\" data-end=\"1319\"><br><\/p><p data-start=\"1538\" data-end=\"1601\"><strong data-start=\"1538\" data-end=\"1548\">Correu electr\u00f2nic:<\/strong> <a class=\"decorated-link cursor-pointer\" rel=\"noopener\" data-start=\"1549\" data-end=\"1569\">aalonso@gralegal.com<\/a><br data-start=\"1569\" data-end=\"1572\"><strong data-start=\"1572\" data-end=\"1585\">Tel\u00e8fon:<\/strong> +34 93 0326396<\/p>\t\t\t\t\t\t\t\t<\/div>\n\t\t\t\t\t<\/div>\n\t\t<\/div>\n\t\t\t\t\t<\/div>\n\t\t<\/section>\n\t\t\t\t<section class=\"elementor-section elementor-top-section elementor-element elementor-element-d310a6a elementor-section-content-middle elementor-reverse-tablet elementor-reverse-mobile elementor-section-boxed elementor-section-height-default elementor-section-height-default\" data-id=\"d310a6a\" data-element_type=\"section\" data-e-type=\"section\">\n\t\t\t\t\t\t<div class=\"elementor-container elementor-column-gap-no\">\n\t\t\t\t\t<div class=\"elementor-column elementor-col-50 elementor-top-column elementor-element elementor-element-d6905e6 elementor-invisible\" data-id=\"d6905e6\" data-element_type=\"column\" data-e-type=\"column\" data-settings=\"{&quot;animation&quot;:&quot;fadeIn&quot;,&quot;animation_delay&quot;:100}\">\n\t\t\t<div class=\"elementor-widget-wrap elementor-element-populated\">\n\t\t\t\t\t\t<div class=\"elementor-element elementor-element-07af4e1 elementor-widget elementor-widget-image\" data-id=\"07af4e1\" data-element_type=\"widget\" data-e-type=\"widget\" data-widget_type=\"image.default\">\n\t\t\t\t\t\t\t\t\t\t\t\t\t\t\t<img decoding=\"async\" width=\"800\" height=\"1200\" src=\"https:\/\/gralegal.com\/wp-content\/uploads\/2026\/02\/jessica-arredondo-abogada-granollers.jpg\" class=\"attachment-full size-full wp-image-675\" alt=\"jessica arredondo advocada granollers\" srcset=\"https:\/\/gralegal.com\/wp-content\/uploads\/2026\/02\/jessica-arredondo-abogada-granollers.jpg 800w, https:\/\/gralegal.com\/wp-content\/uploads\/2026\/02\/jessica-arredondo-abogada-granollers-200x300.jpg 200w, https:\/\/gralegal.com\/wp-content\/uploads\/2026\/02\/jessica-arredondo-abogada-granollers-683x1024.jpg 683w, https:\/\/gralegal.com\/wp-content\/uploads\/2026\/02\/jessica-arredondo-abogada-granollers-768x1152.jpg 768w\" sizes=\"(max-width: 800px) 100vw, 800px\" \/>\t\t\t\t\t\t\t\t\t\t\t\t\t\t\t<\/div>\n\t\t\t\t\t<\/div>\n\t\t<\/div>\n\t\t\t\t<div class=\"elementor-column elementor-col-50 elementor-top-column elementor-element elementor-element-9141154 elementor-invisible\" data-id=\"9141154\" data-element_type=\"column\" data-e-type=\"column\" data-settings=\"{&quot;animation&quot;:&quot;fadeIn&quot;,&quot;animation_delay&quot;:300}\">\n\t\t\t<div class=\"elementor-widget-wrap elementor-element-populated\">\n\t\t\t\t\t\t<div class=\"elementor-element elementor-element-8e6263e elementor-widget__width-initial elementor-invisible elementor-widget elementor-widget-heading\" data-id=\"8e6263e\" data-element_type=\"widget\" data-e-type=\"widget\" data-settings=\"{&quot;_animation&quot;:&quot;fadeIn&quot;,&quot;_animation_delay&quot;:100}\" data-widget_type=\"heading.default\">\n\t\t\t\t\t<h2 class=\"elementor-heading-title elementor-size-default\">Jessica Arredondo<\/h2>\t\t\t\t<\/div>\n\t\t\t\t<div class=\"elementor-element elementor-element-aa68cd6 elementor-widget__width-initial elementor-invisible elementor-widget elementor-widget-text-editor\" data-id=\"aa68cd6\" data-element_type=\"widget\" data-e-type=\"widget\" data-settings=\"{&quot;_animation&quot;:&quot;fadeIn&quot;,&quot;_animation_delay&quot;:250}\" data-widget_type=\"text-editor.default\">\n\t\t\t\t\t\t\t\t\t<h3 data-start=\"745\" data-end=\"813\"><strong data-start=\"1632\" data-end=\"1651\">S\u00f2cia fundadora<\/strong><\/h3><p data-start=\"1632\" data-end=\"1709\"><strong>Membre de l&#8217;Il\u00b7lustre Col\u00b7legi de l&#8217;Advocacia de Barcelona<\/strong><\/p><p data-start=\"1711\" data-end=\"2367\">Jessica Arredondo exerceix com a advocada laboralista des de l&#8217;any 2000. La seva traject\u00f2ria professional s&#8217;ha centrat en l&#8217;\u00e0mbit del Dret del Treball i la Seguretat Social. En aquest sentit, ha integrat nombrosos expedients de regulaci\u00f3 d&#8217;ocupaci\u00f3, procediments de modificaci\u00f3 substancial de les condicions de treball, aix\u00ed com d&#8217;inaplicaci\u00f3 de les condicions del conveni col\u00b7lectiu. Ha actuat en nombrosos litigis i ha realitzat auditories laborals. Aix\u00ed mateix, ha representat els seus clients davant els Jutjats i Tribunals de l&#8217;ordre social i contenci\u00f3s administratiu, a m\u00e9s de davant organismes com la Inspecci\u00f3 de Treball i la Seguretat Social.    <\/p><p data-start=\"2369\" data-end=\"2561\">Ha estat professora associada en l&#8217;\u00e0rea de Dret del Treball i Seguretat Social de la Universitat de Girona i ha publicat diversos articles en revistes especialitzades de dret del treball.<\/p><p data-start=\"2563\" data-end=\"2917\"><strong data-start=\"2563\" data-end=\"2586\">Formaci\u00f3 acad\u00e8mica<\/strong><\/p><div>Programa d&#8217;especialitzaci\u00f3 en Recursos Humans (Il\u00b7lustre Col\u00b7legi d&#8217;Advocats de Barcelona).<\/div><div>M\u00e0ster en Dret Concursal per l&#8217;Il\u00b7lustre Col\u00b7legi d&#8217;Advocats de Barcelona.<\/div><div>Oposici\u00f3 Cos Superior d&#8217;Inspectors de Treball i Seguretat Social.<\/div><div>Curs d&#8217;especialitzaci\u00f3 en gesti\u00f3 de N\u00f2mines i Seguretat Social.<\/div><div>Llicenciada en Dret per la Universitat de Barcelona.<\/div><div> <\/div><p data-start=\"1538\" data-end=\"1601\"><strong data-start=\"2956\" data-end=\"2966\">Correu electr\u00f2nic:<\/strong> <a class=\"decorated-link cursor-pointer\" rel=\"noopener\" data-start=\"2967\" data-end=\"2990\">jarredondo@gralegal.com<\/a><br data-start=\"2990\" data-end=\"2993\"><strong data-start=\"2993\" data-end=\"3006\">Tel\u00e8fon:<\/strong> +34 93 0326396<\/p>\t\t\t\t\t\t\t\t<\/div>\n\t\t\t\t\t<\/div>\n\t\t<\/div>\n\t\t\t\t\t<\/div>\n\t\t<\/section>\n\t\t\t\t<\/div>\n\t\t","protected":false},"excerpt":{"rendered":"<p>Equip professional A GRALEGAL ADVOCATS \u00b7 ABOGADOS comptem amb un equip professional altament qualificat, comprom\u00e8s amb l&#8217;excel\u00b7l\u00e8ncia jur\u00eddica i la defensa dels interessos dels nostres clients. La nostra experi\u00e8ncia, especialitzaci\u00f3 i enfocament estrat\u00e8gic ens permeten oferir solucions eficaces davant qualsevol repte legal. El despatx compta aix\u00ed mateix amb un equip d&#8217;advocats especialitzats per oferir als [&hellip;]<\/p>\n","protected":false},"author":2,"featured_media":0,"parent":0,"menu_order":0,"comment_status":"closed","ping_status":"closed","template":"","meta":{"footnotes":""},"class_list":["post-673","page","type-page","status-publish","hentry"],"yoast_head":"<!-- This site is optimized with the Yoast SEO plugin v26.8 - https:\/\/yoast.com\/product\/yoast-seo-wordpress\/ -->\n<title>Equip professional - GraLegal<\/title>\n<meta name=\"robots\" content=\"index, follow, max-snippet:-1, max-image-preview:large, max-video-preview:-1\" \/>\n<link rel=\"canonical\" href=\"https:\/\/gralegal.com\/ca\/equip-professional\/\" \/>\n<meta property=\"og:locale\" content=\"ca_ES\" \/>\n<meta property=\"og:type\" content=\"article\" \/>\n<meta property=\"og:title\" content=\"Equip professional - GraLegal\" \/>\n<meta property=\"og:description\" content=\"Equip professional A GRALEGAL ADVOCATS \u00b7 ABOGADOS comptem amb un equip professional altament qualificat, comprom\u00e8s amb l&#8217;excel\u00b7l\u00e8ncia jur\u00eddica i la defensa dels interessos dels nostres clients. La nostra experi\u00e8ncia, especialitzaci\u00f3 i enfocament estrat\u00e8gic ens permeten oferir solucions eficaces davant qualsevol repte legal. El despatx compta aix\u00ed mateix amb un equip d&#8217;advocats especialitzats per oferir als [&hellip;]\" \/>\n<meta property=\"og:url\" content=\"https:\/\/gralegal.com\/ca\/equip-professional\/\" \/>\n<meta property=\"og:site_name\" content=\"GraLegal\" \/>\n<meta property=\"article:modified_time\" content=\"2026-03-24T11:20:29+00:00\" \/>\n<meta property=\"og:image\" content=\"https:\/\/gralegal.com\/wp-content\/uploads\/2026\/02\/alfredo-alonso-abogado-granollers.jpg\" \/>\n\t<meta property=\"og:image:width\" content=\"800\" \/>\n\t<meta property=\"og:image:height\" content=\"1200\" \/>\n\t<meta property=\"og:image:type\" content=\"image\/jpeg\" \/>\n<meta name=\"twitter:card\" content=\"summary_large_image\" \/>\n<meta name=\"twitter:label1\" content=\"Temps estimat de lectura\" \/>\n\t<meta name=\"twitter:data1\" content=\"2 minuts\" \/>\n<script type=\"application\/ld+json\" class=\"yoast-schema-graph\">{\"@context\":\"https:\/\/schema.org\",\"@graph\":[{\"@type\":\"WebPage\",\"@id\":\"https:\/\/gralegal.com\/ca\/equip-professional\/\",\"url\":\"https:\/\/gralegal.com\/ca\/equip-professional\/\",\"name\":\"Equip professional - GraLegal\",\"isPartOf\":{\"@id\":\"https:\/\/gralegal.com\/ca\/#website\"},\"primaryImageOfPage\":{\"@id\":\"https:\/\/gralegal.com\/ca\/equip-professional\/#primaryimage\"},\"image\":{\"@id\":\"https:\/\/gralegal.com\/ca\/equip-professional\/#primaryimage\"},\"thumbnailUrl\":\"https:\/\/gralegal.com\/wp-content\/uploads\/2026\/02\/alfredo-alonso-abogado-granollers.jpg\",\"datePublished\":\"2026-02-17T09:26:33+00:00\",\"dateModified\":\"2026-03-24T11:20:29+00:00\",\"breadcrumb\":{\"@id\":\"https:\/\/gralegal.com\/ca\/equip-professional\/#breadcrumb\"},\"inLanguage\":\"ca\",\"potentialAction\":[{\"@type\":\"ReadAction\",\"target\":[\"https:\/\/gralegal.com\/ca\/equip-professional\/\"]}]},{\"@type\":\"ImageObject\",\"inLanguage\":\"ca\",\"@id\":\"https:\/\/gralegal.com\/ca\/equip-professional\/#primaryimage\",\"url\":\"https:\/\/gralegal.com\/wp-content\/uploads\/2026\/02\/alfredo-alonso-abogado-granollers.jpg\",\"contentUrl\":\"https:\/\/gralegal.com\/wp-content\/uploads\/2026\/02\/alfredo-alonso-abogado-granollers.jpg\"},{\"@type\":\"BreadcrumbList\",\"@id\":\"https:\/\/gralegal.com\/ca\/equip-professional\/#breadcrumb\",\"itemListElement\":[{\"@type\":\"ListItem\",\"position\":1,\"name\":\"Portada\",\"item\":\"https:\/\/gralegal.com\/ca\/gralegal\/\"},{\"@type\":\"ListItem\",\"position\":2,\"name\":\"Equip professional\"}]},{\"@type\":\"WebSite\",\"@id\":\"https:\/\/gralegal.com\/ca\/#website\",\"url\":\"https:\/\/gralegal.com\/ca\/\",\"name\":\"GraLegal\",\"description\":\"\",\"publisher\":{\"@id\":\"https:\/\/gralegal.com\/ca\/#organization\"},\"potentialAction\":[{\"@type\":\"SearchAction\",\"target\":{\"@type\":\"EntryPoint\",\"urlTemplate\":\"https:\/\/gralegal.com\/ca\/?s={search_term_string}\"},\"query-input\":{\"@type\":\"PropertyValueSpecification\",\"valueRequired\":true,\"valueName\":\"search_term_string\"}}],\"inLanguage\":\"ca\"},{\"@type\":\"Organization\",\"@id\":\"https:\/\/gralegal.com\/ca\/#organization\",\"name\":\"GraLegal\",\"url\":\"https:\/\/gralegal.com\/ca\/\",\"logo\":{\"@type\":\"ImageObject\",\"inLanguage\":\"ca\",\"@id\":\"https:\/\/gralegal.com\/ca\/#\/schema\/logo\/image\/\",\"url\":\"https:\/\/gralegal.com\/wp-content\/uploads\/2025\/12\/GRALEGAL-LOGO-002-1.png\",\"contentUrl\":\"https:\/\/gralegal.com\/wp-content\/uploads\/2025\/12\/GRALEGAL-LOGO-002-1.png\",\"width\":1627,\"height\":863,\"caption\":\"GraLegal\"},\"image\":{\"@id\":\"https:\/\/gralegal.com\/ca\/#\/schema\/logo\/image\/\"}}]}<\/script>\n<!-- \/ Yoast SEO plugin. -->","yoast_head_json":{"title":"Equip professional - GraLegal","robots":{"index":"index","follow":"follow","max-snippet":"max-snippet:-1","max-image-preview":"max-image-preview:large","max-video-preview":"max-video-preview:-1"},"canonical":"https:\/\/gralegal.com\/ca\/equip-professional\/","og_locale":"ca_ES","og_type":"article","og_title":"Equip professional - GraLegal","og_description":"Equip professional A GRALEGAL ADVOCATS \u00b7 ABOGADOS comptem amb un equip professional altament qualificat, comprom\u00e8s amb l&#8217;excel\u00b7l\u00e8ncia jur\u00eddica i la defensa dels interessos dels nostres clients. La nostra experi\u00e8ncia, especialitzaci\u00f3 i enfocament estrat\u00e8gic ens permeten oferir solucions eficaces davant qualsevol repte legal. El despatx compta aix\u00ed mateix amb un equip d&#8217;advocats especialitzats per oferir als [&hellip;]","og_url":"https:\/\/gralegal.com\/ca\/equip-professional\/","og_site_name":"GraLegal","article_modified_time":"2026-03-24T11:20:29+00:00","og_image":[{"width":800,"height":1200,"url":"https:\/\/gralegal.com\/wp-content\/uploads\/2026\/02\/alfredo-alonso-abogado-granollers.jpg","type":"image\/jpeg"}],"twitter_card":"summary_large_image","twitter_misc":{"Temps estimat de lectura":"2 minuts"},"schema":{"@context":"https:\/\/schema.org","@graph":[{"@type":"WebPage","@id":"https:\/\/gralegal.com\/ca\/equip-professional\/","url":"https:\/\/gralegal.com\/ca\/equip-professional\/","name":"Equip professional - GraLegal","isPartOf":{"@id":"https:\/\/gralegal.com\/ca\/#website"},"primaryImageOfPage":{"@id":"https:\/\/gralegal.com\/ca\/equip-professional\/#primaryimage"},"image":{"@id":"https:\/\/gralegal.com\/ca\/equip-professional\/#primaryimage"},"thumbnailUrl":"https:\/\/gralegal.com\/wp-content\/uploads\/2026\/02\/alfredo-alonso-abogado-granollers.jpg","datePublished":"2026-02-17T09:26:33+00:00","dateModified":"2026-03-24T11:20:29+00:00","breadcrumb":{"@id":"https:\/\/gralegal.com\/ca\/equip-professional\/#breadcrumb"},"inLanguage":"ca","potentialAction":[{"@type":"ReadAction","target":["https:\/\/gralegal.com\/ca\/equip-professional\/"]}]},{"@type":"ImageObject","inLanguage":"ca","@id":"https:\/\/gralegal.com\/ca\/equip-professional\/#primaryimage","url":"https:\/\/gralegal.com\/wp-content\/uploads\/2026\/02\/alfredo-alonso-abogado-granollers.jpg","contentUrl":"https:\/\/gralegal.com\/wp-content\/uploads\/2026\/02\/alfredo-alonso-abogado-granollers.jpg"},{"@type":"BreadcrumbList","@id":"https:\/\/gralegal.com\/ca\/equip-professional\/#breadcrumb","itemListElement":[{"@type":"ListItem","position":1,"name":"Portada","item":"https:\/\/gralegal.com\/ca\/gralegal\/"},{"@type":"ListItem","position":2,"name":"Equip professional"}]},{"@type":"WebSite","@id":"https:\/\/gralegal.com\/ca\/#website","url":"https:\/\/gralegal.com\/ca\/","name":"GraLegal","description":"","publisher":{"@id":"https:\/\/gralegal.com\/ca\/#organization"},"potentialAction":[{"@type":"SearchAction","target":{"@type":"EntryPoint","urlTemplate":"https:\/\/gralegal.com\/ca\/?s={search_term_string}"},"query-input":{"@type":"PropertyValueSpecification","valueRequired":true,"valueName":"search_term_string"}}],"inLanguage":"ca"},{"@type":"Organization","@id":"https:\/\/gralegal.com\/ca\/#organization","name":"GraLegal","url":"https:\/\/gralegal.com\/ca\/","logo":{"@type":"ImageObject","inLanguage":"ca","@id":"https:\/\/gralegal.com\/ca\/#\/schema\/logo\/image\/","url":"https:\/\/gralegal.com\/wp-content\/uploads\/2025\/12\/GRALEGAL-LOGO-002-1.png","contentUrl":"https:\/\/gralegal.com\/wp-content\/uploads\/2025\/12\/GRALEGAL-LOGO-002-1.png","width":1627,"height":863,"caption":"GraLegal"},"image":{"@id":"https:\/\/gralegal.com\/ca\/#\/schema\/logo\/image\/"}}]}},"_links":{"self":[{"href":"https:\/\/gralegal.com\/ca\/wp-json\/wp\/v2\/pages\/673","targetHints":{"allow":["GET"]}}],"collection":[{"href":"https:\/\/gralegal.com\/ca\/wp-json\/wp\/v2\/pages"}],"about":[{"href":"https:\/\/gralegal.com\/ca\/wp-json\/wp\/v2\/types\/page"}],"author":[{"embeddable":true,"href":"https:\/\/gralegal.com\/ca\/wp-json\/wp\/v2\/users\/2"}],"replies":[{"embeddable":true,"href":"https:\/\/gralegal.com\/ca\/wp-json\/wp\/v2\/comments?post=673"}],"version-history":[{"count":1,"href":"https:\/\/gralegal.com\/ca\/wp-json\/wp\/v2\/pages\/673\/revisions"}],"predecessor-version":[{"id":676,"href":"https:\/\/gralegal.com\/ca\/wp-json\/wp\/v2\/pages\/673\/revisions\/676"}],"wp:attachment":[{"href":"https:\/\/gralegal.com\/ca\/wp-json\/wp\/v2\/media?parent=673"}],"curies":[{"name":"wp","href":"https:\/\/api.w.org\/{rel}","templated":true}]}}