{"id":660,"date":"2026-02-17T07:23:25","date_gmt":"2026-02-17T07:23:25","guid":{"rendered":"https:\/\/gralegal.com\/historia\/"},"modified":"2026-03-24T11:05:48","modified_gmt":"2026-03-24T11:05:48","slug":"historia","status":"publish","type":"page","link":"https:\/\/gralegal.com\/ca\/historia\/","title":{"rendered":"Hist\u00f2ria"},"content":{"rendered":"\t\t<div data-elementor-type=\"wp-page\" data-elementor-id=\"660\" class=\"elementor elementor-660 elementor-363\" data-elementor-post-type=\"page\">\n\t\t\t\t\t\t<section class=\"elementor-section elementor-top-section elementor-element elementor-element-563aca0 elementor-section-height-min-height elementor-section-boxed elementor-section-height-default elementor-section-items-middle\" data-id=\"563aca0\" data-element_type=\"section\" data-e-type=\"section\" data-settings=\"{&quot;background_background&quot;:&quot;classic&quot;}\">\n\t\t\t\t\t\t\t<div class=\"elementor-background-overlay\"><\/div>\n\t\t\t\t\t\t\t<div class=\"elementor-container elementor-column-gap-no\">\n\t\t\t\t\t<div class=\"elementor-column elementor-col-100 elementor-top-column elementor-element elementor-element-b6a7455\" data-id=\"b6a7455\" data-element_type=\"column\" data-e-type=\"column\" data-settings=\"{&quot;background_background&quot;:&quot;classic&quot;}\">\n\t\t\t<div class=\"elementor-widget-wrap elementor-element-populated\">\n\t\t\t\t\t\t<div class=\"elementor-element elementor-element-e1cd7d0 elementor-widget elementor-widget-spacer\" data-id=\"e1cd7d0\" data-element_type=\"widget\" data-e-type=\"widget\" data-widget_type=\"spacer.default\">\n\t\t\t\t\t\t\t<div class=\"elementor-spacer\">\n\t\t\t<div class=\"elementor-spacer-inner\"><\/div>\n\t\t<\/div>\n\t\t\t\t\t\t<\/div>\n\t\t\t\t<div class=\"elementor-element elementor-element-682f7b8 elementor-widget__width-initial elementor-invisible elementor-widget elementor-widget-heading\" data-id=\"682f7b8\" data-element_type=\"widget\" data-e-type=\"widget\" data-settings=\"{&quot;_animation&quot;:&quot;fadeIn&quot;,&quot;_animation_delay&quot;:100}\" data-widget_type=\"heading.default\">\n\t\t\t\t\t<h2 class=\"elementor-heading-title elementor-size-default\">Hist\u00f2ria<\/h2>\t\t\t\t<\/div>\n\t\t\t\t<div class=\"elementor-element elementor-element-27839c3 elementor-widget__width-initial elementor-invisible elementor-widget elementor-widget-text-editor\" data-id=\"27839c3\" data-element_type=\"widget\" data-e-type=\"widget\" data-settings=\"{&quot;_animation&quot;:&quot;fadeIn&quot;,&quot;_animation_delay&quot;:250}\" data-widget_type=\"text-editor.default\">\n\t\t\t\t\t\t\t\t\t<p><strong data-start=\"119\" data-end=\"151\">GRALEGAL ADVOCATS \u00b7 ABOGADOS<\/strong> \u00e9s un despatx d&#8217;advocats que ofereix a empreses i particulars assessorament jur\u00eddic individualitzat i defensa processal de qualitat en amplis sectors del dret com el Civil, el Laboral i de la Seguretat Social i el Mercantil.<\/p><p data-start=\"1290\" data-end=\"1441\"> <\/p>\t\t\t\t\t\t\t\t<\/div>\n\t\t\t\t\t<\/div>\n\t\t<\/div>\n\t\t\t\t\t<\/div>\n\t\t<\/section>\n\t\t\t\t<section class=\"elementor-section elementor-top-section elementor-element elementor-element-382a78b elementor-section-boxed elementor-section-height-default elementor-section-height-default\" data-id=\"382a78b\" data-element_type=\"section\" data-e-type=\"section\" data-settings=\"{&quot;background_background&quot;:&quot;classic&quot;}\">\n\t\t\t\t\t\t\t<div class=\"elementor-background-overlay\"><\/div>\n\t\t\t\t\t\t\t<div class=\"elementor-container elementor-column-gap-no\">\n\t\t\t\t\t<div class=\"elementor-column elementor-col-50 elementor-top-column elementor-element elementor-element-b1449da\" data-id=\"b1449da\" data-element_type=\"column\" data-e-type=\"column\">\n\t\t\t<div class=\"elementor-widget-wrap elementor-element-populated\">\n\t\t\t\t\t\t<div class=\"elementor-element elementor-element-74b513f elementor-widget__width-initial elementor-invisible elementor-widget elementor-widget-heading\" data-id=\"74b513f\" data-element_type=\"widget\" data-e-type=\"widget\" data-settings=\"{&quot;_animation&quot;:&quot;fadeIn&quot;,&quot;_animation_delay&quot;:100}\" data-widget_type=\"heading.default\">\n\t\t\t\t\t<h2 class=\"elementor-heading-title elementor-size-default\">Un bufet amb m\u00e9s de 15 anys d'experi\u00e8ncia jur\u00eddica<\/h2>\t\t\t\t<\/div>\n\t\t\t\t<section class=\"elementor-section elementor-inner-section elementor-element elementor-element-adaee84 elementor-section-boxed elementor-section-height-default elementor-section-height-default elementor-invisible\" data-id=\"adaee84\" data-element_type=\"section\" data-e-type=\"section\" data-settings=\"{&quot;animation&quot;:&quot;fadeIn&quot;,&quot;animation_delay&quot;:300}\">\n\t\t\t\t\t\t<div class=\"elementor-container elementor-column-gap-no\">\n\t\t\t\t\t<div class=\"elementor-column elementor-col-100 elementor-inner-column elementor-element elementor-element-814952a\" data-id=\"814952a\" data-element_type=\"column\" data-e-type=\"column\">\n\t\t\t<div class=\"elementor-widget-wrap elementor-element-populated\">\n\t\t\t\t\t\t<div class=\"elementor-element elementor-element-f4bfefa elementor-widget__width-initial elementor-invisible elementor-widget elementor-widget-text-editor\" data-id=\"f4bfefa\" data-element_type=\"widget\" data-e-type=\"widget\" data-settings=\"{&quot;_animation&quot;:&quot;fadeIn&quot;,&quot;_animation_delay&quot;:250}\" data-widget_type=\"text-editor.default\">\n\t\t\t\t\t\t\t\t\t<p data-start=\"387\" data-end=\"671\">Els advocats integrants del despatx compten amb una \u00e0mplia experi\u00e8ncia professional assessorant i defensant tant empreses com persones f\u00edsiques, i disposen aix\u00ed mateix d&#8217;un alt grau d&#8217;especialitzaci\u00f3 en les \u00e0rees del dret que s\u00f3n objecte d&#8217;aplicaci\u00f3 en cada cas plantejat.<\/p><p data-start=\"673\" data-end=\"936\">A <strong data-start=\"676\" data-end=\"708\">GRALEGAL ADVOCATS \u00b7 ABOGADOS<\/strong> tots els assumptes s\u00f3n analitzats de manera detallada, aplicant rigor, estudi exhaustiu, especialitzaci\u00f3 en la mat\u00e8ria tractada i per\u00edcia t\u00e8cnica amb la finalitat de defensar de la millor manera els interessos dels seus clients.<\/p><p data-start=\"938\" data-end=\"1064\">Si desitja obtenir la millor atenci\u00f3 personal, assessorament i defensa jur\u00eddica, contacti amb <strong data-start=\"1029\" data-end=\"1061\">GRALEGAL ADVOCATS \u00b7 ABOGADOS<\/strong>.<\/p>\t\t\t\t\t\t\t\t<\/div>\n\t\t\t\t<div class=\"elementor-element elementor-element-29f09ca elementor-widget elementor-widget-button\" data-id=\"29f09ca\" data-element_type=\"widget\" data-e-type=\"widget\" data-widget_type=\"button.default\">\n\t\t\t\t\t\t\t\t\t\t<a class=\"elementor-button elementor-button-link elementor-size-sm\" href=\"https:\/\/gralegal.com\/ca\/equip-professional\/\">\n\t\t\t\t\t\t<span class=\"elementor-button-content-wrapper\">\n\t\t\t\t\t\t\t\t\t<span class=\"elementor-button-text\">CONEIX L'EQUIP PROFESSIONAL<\/span>\n\t\t\t\t\t<\/span>\n\t\t\t\t\t<\/a>\n\t\t\t\t\t\t\t\t<\/div>\n\t\t\t\t\t<\/div>\n\t\t<\/div>\n\t\t\t\t\t<\/div>\n\t\t<\/section>\n\t\t\t\t\t<\/div>\n\t\t<\/div>\n\t\t\t\t<div class=\"elementor-column elementor-col-50 elementor-top-column elementor-element elementor-element-5e3d497 elementor-invisible\" data-id=\"5e3d497\" data-element_type=\"column\" data-e-type=\"column\" data-settings=\"{&quot;animation&quot;:&quot;fadeIn&quot;}\">\n\t\t\t<div class=\"elementor-widget-wrap elementor-element-populated\">\n\t\t\t\t\t\t<section class=\"elementor-section elementor-inner-section elementor-element elementor-element-757e227 elementor-section-boxed elementor-section-height-default elementor-section-height-default elementor-invisible\" data-id=\"757e227\" data-element_type=\"section\" data-e-type=\"section\" data-settings=\"{&quot;animation&quot;:&quot;fadeIn&quot;,&quot;animation_delay&quot;:300}\">\n\t\t\t\t\t\t<div class=\"elementor-container elementor-column-gap-no\">\n\t\t\t\t\t<div class=\"elementor-column elementor-col-100 elementor-inner-column elementor-element elementor-element-7c35e55\" data-id=\"7c35e55\" data-element_type=\"column\" data-e-type=\"column\" data-settings=\"{&quot;background_background&quot;:&quot;classic&quot;}\">\n\t\t\t<div class=\"elementor-widget-wrap elementor-element-populated\">\n\t\t\t\t\t\t<div class=\"elementor-element elementor-element-c866668 elementor-widget elementor-widget-spacer\" data-id=\"c866668\" data-element_type=\"widget\" data-e-type=\"widget\" data-widget_type=\"spacer.default\">\n\t\t\t\t\t\t\t<div class=\"elementor-spacer\">\n\t\t\t<div class=\"elementor-spacer-inner\"><\/div>\n\t\t<\/div>\n\t\t\t\t\t\t<\/div>\n\t\t\t\t\t<\/div>\n\t\t<\/div>\n\t\t\t\t\t<\/div>\n\t\t<\/section>\n\t\t\t\t\t<\/div>\n\t\t<\/div>\n\t\t\t\t\t<\/div>\n\t\t<\/section>\n\t\t\t\t<section class=\"elementor-section elementor-top-section elementor-element elementor-element-032283d elementor-section-boxed elementor-section-height-default elementor-section-height-default\" data-id=\"032283d\" data-element_type=\"section\" data-e-type=\"section\" data-settings=\"{&quot;background_background&quot;:&quot;gradient&quot;}\">\n\t\t\t\t\t\t<div class=\"elementor-container elementor-column-gap-no\">\n\t\t\t\t\t<div class=\"elementor-column elementor-col-50 elementor-top-column elementor-element elementor-element-158da01\" data-id=\"158da01\" data-element_type=\"column\" data-e-type=\"column\">\n\t\t\t<div class=\"elementor-widget-wrap elementor-element-populated\">\n\t\t\t\t\t\t<div class=\"elementor-element elementor-element-2f86c36 elementor-widget__width-initial elementor-invisible elementor-widget elementor-widget-heading\" data-id=\"2f86c36\" data-element_type=\"widget\" data-e-type=\"widget\" data-settings=\"{&quot;_animation&quot;:&quot;fadeIn&quot;,&quot;_animation_delay&quot;:100}\" data-widget_type=\"heading.default\">\n\t\t\t\t\t<h2 class=\"elementor-heading-title elementor-size-default\">Assessorament jur\u00eddic clar i proper<\/h2>\t\t\t\t<\/div>\n\t\t\t\t<div class=\"elementor-element elementor-element-c7a846e elementor-widget__width-initial elementor-invisible elementor-widget elementor-widget-text-editor\" data-id=\"c7a846e\" data-element_type=\"widget\" data-e-type=\"widget\" data-settings=\"{&quot;_animation&quot;:&quot;fadeIn&quot;,&quot;_animation_delay&quot;:250}\" data-widget_type=\"text-editor.default\">\n\t\t\t\t\t\t\t\t\t<p data-start=\"264\" data-end=\"606\">A <strong data-start=\"267\" data-end=\"288\">Gralegal Advocats<\/strong> creiem que un bon assessorament comen\u00e7a per escoltar. Per aix\u00f2 analitzem cada cas amb detall, expliquem les opcions legals de forma comprensible i acompanyem els nostres clients durant tot el proc\u00e9s, oferint solucions jur\u00eddiques adaptades a les seves necessitats reals. <\/p>\t\t\t\t\t\t\t\t<\/div>\n\t\t\t\t<div class=\"elementor-element elementor-element-e94d0c5 elementor-widget elementor-widget-button\" data-id=\"e94d0c5\" data-element_type=\"widget\" data-e-type=\"widget\" data-widget_type=\"button.default\">\n\t\t\t\t\t\t\t\t\t\t<a class=\"elementor-button elementor-button-link elementor-size-sm\" href=\"https:\/\/gralegal.com\/ca\/contacte\/\">\n\t\t\t\t\t\t<span class=\"elementor-button-content-wrapper\">\n\t\t\t\t\t\t\t\t\t<span class=\"elementor-button-text\">SOL\u00b7LICITAR ASSESSORAMENT LEGAL<\/span>\n\t\t\t\t\t<\/span>\n\t\t\t\t\t<\/a>\n\t\t\t\t\t\t\t\t<\/div>\n\t\t\t\t\t<\/div>\n\t\t<\/div>\n\t\t\t\t<div class=\"elementor-column elementor-col-50 elementor-top-column elementor-element elementor-element-bc22956\" data-id=\"bc22956\" data-element_type=\"column\" data-e-type=\"column\">\n\t\t\t<div class=\"elementor-widget-wrap elementor-element-populated\">\n\t\t\t\t\t\t<div class=\"elementor-element elementor-element-5a966b1 elementor-widget elementor-widget-n-accordion\" data-id=\"5a966b1\" data-element_type=\"widget\" data-e-type=\"widget\" data-settings=\"{&quot;default_state&quot;:&quot;expanded&quot;,&quot;max_items_expended&quot;:&quot;one&quot;,&quot;n_accordion_animation_duration&quot;:{&quot;unit&quot;:&quot;ms&quot;,&quot;size&quot;:400,&quot;sizes&quot;:[]}}\" data-widget_type=\"nested-accordion.default\">\n\t\t\t\t\t\t\t<div class=\"e-n-accordion\" aria-label=\"Accordion. Open links with Enter or Space, close with Escape, and navigate with Arrow Keys\">\n\t\t\t\t\t\t<details id=\"e-n-accordion-item-9490\" class=\"e-n-accordion-item\" open>\n\t\t\t\t<summary class=\"e-n-accordion-item-title\" data-accordion-index=\"1\" tabindex=\"0\" aria-expanded=\"true\" aria-controls=\"e-n-accordion-item-9490\" >\n\t\t\t\t\t<span class='e-n-accordion-item-title-header'><div class=\"e-n-accordion-item-title-text\"> A qui van dirigits els serveis de Gralegal Advocats? <\/div><\/span>\n\t\t\t\t\t\t\t\t\t<\/summary>\n\t\t\t\t<div role=\"region\" aria-labelledby=\"e-n-accordion-item-9490\" class=\"elementor-element elementor-element-a85bab5 e-con-full e-flex e-con e-child\" data-id=\"a85bab5\" data-element_type=\"container\" data-e-type=\"container\">\n\t\t\t\t<div class=\"elementor-element elementor-element-48a78d1 elementor-widget elementor-widget-text-editor\" data-id=\"48a78d1\" data-element_type=\"widget\" data-e-type=\"widget\" data-widget_type=\"text-editor.default\">\n\t\t\t\t\t\t\t\t\t<p data-start=\"723\" data-end=\"1033\">Els nostres serveis van dirigits tant a <strong data-start=\"766\" data-end=\"782\">particulars<\/strong> com a <strong data-start=\"790\" data-end=\"852\">empreses, aut\u00f2noms, gestories i administradors de finques<\/strong> que necessiten un assessorament jur\u00eddic fiable, clar i adaptat a la seva realitat. Treballem amb clients que busquen una relaci\u00f3 professional basada en la confian\u00e7a i la continu\u00eftat. <\/p>\t\t\t\t\t\t\t\t<\/div>\n\t\t\t\t<\/div>\n\t\t\t\t\t<\/details>\n\t\t\t\t\t\t<details id=\"e-n-accordion-item-9491\" class=\"e-n-accordion-item\" >\n\t\t\t\t<summary class=\"e-n-accordion-item-title\" data-accordion-index=\"2\" tabindex=\"-1\" aria-expanded=\"false\" aria-controls=\"e-n-accordion-item-9491\" >\n\t\t\t\t\t<span class='e-n-accordion-item-title-header'><div class=\"e-n-accordion-item-title-text\"> En quines \u00e0rees del dret est\u00e0 especialitzat el despatx? <\/div><\/span>\n\t\t\t\t\t\t\t\t\t<\/summary>\n\t\t\t\t<div role=\"region\" aria-labelledby=\"e-n-accordion-item-9491\" class=\"elementor-element elementor-element-2ac3b50 e-con-full e-flex e-con e-child\" data-id=\"2ac3b50\" data-element_type=\"container\" data-e-type=\"container\">\n\t\t\t\t<div class=\"elementor-element elementor-element-a422c58 elementor-widget elementor-widget-text-editor\" data-id=\"a422c58\" data-element_type=\"widget\" data-e-type=\"widget\" data-widget_type=\"text-editor.default\">\n\t\t\t\t\t\t\t\t\t<p data-start=\"1102\" data-end=\"1386\">A Gralegal Advocats estem especialitzats en <strong data-start=\"1149\" data-end=\"1278\">dret civil, dret laboral i de la Seguretat Social, dret mercantil, dret concursal i Llei de la Segona Oportunitat<\/strong>. Abordem cada assumpte de forma personalitzada, analitzant la millor estrat\u00e8gia legal segons el cas concret. <\/p>\t\t\t\t\t\t\t\t<\/div>\n\t\t\t\t<\/div>\n\t\t\t\t\t<\/details>\n\t\t\t\t\t\t<details id=\"e-n-accordion-item-9492\" class=\"e-n-accordion-item\" >\n\t\t\t\t<summary class=\"e-n-accordion-item-title\" data-accordion-index=\"3\" tabindex=\"-1\" aria-expanded=\"false\" aria-controls=\"e-n-accordion-item-9492\" >\n\t\t\t\t\t<span class='e-n-accordion-item-title-header'><div class=\"e-n-accordion-item-title-text\"> Ofereixen una primera consulta? <\/div><\/span>\n\t\t\t\t\t\t\t\t\t<\/summary>\n\t\t\t\t<div role=\"region\" aria-labelledby=\"e-n-accordion-item-9492\" class=\"elementor-element elementor-element-f051611 e-con-full e-flex e-con e-child\" data-id=\"f051611\" data-element_type=\"container\" data-e-type=\"container\">\n\t\t\t\t<div class=\"elementor-element elementor-element-71aaf5b elementor-widget elementor-widget-text-editor\" data-id=\"71aaf5b\" data-element_type=\"widget\" data-e-type=\"widget\" data-widget_type=\"text-editor.default\">\n\t\t\t\t\t\t\t\t\t<p data-start=\"1428\" data-end=\"1679\">S\u00ed. Oferim una <strong data-start=\"1446\" data-end=\"1466\">primera consulta<\/strong> per con\u00e8ixer el cas, valorar-ne la viabilitat i explicar de forma clara les possibles opcions legals. Creiem que un bon assessorament comen\u00e7a per una comunicaci\u00f3 honesta i transparent des del primer contacte.  <\/p>\t\t\t\t\t\t\t\t<\/div>\n\t\t\t\t<\/div>\n\t\t\t\t\t<\/details>\n\t\t\t\t\t\t<details id=\"e-n-accordion-item-9493\" class=\"e-n-accordion-item\" >\n\t\t\t\t<summary class=\"e-n-accordion-item-title\" data-accordion-index=\"4\" tabindex=\"-1\" aria-expanded=\"false\" aria-controls=\"e-n-accordion-item-9493\" >\n\t\t\t\t\t<span class='e-n-accordion-item-title-header'><div class=\"e-n-accordion-item-title-text\"> Porten procediments judicials o nom\u00e9s assessorament? <\/div><\/span>\n\t\t\t\t\t\t\t\t\t<\/summary>\n\t\t\t\t<div role=\"region\" aria-labelledby=\"e-n-accordion-item-9493\" class=\"elementor-element elementor-element-f9087af e-con-full e-flex e-con e-child\" data-id=\"f9087af\" data-element_type=\"container\" data-e-type=\"container\">\n\t\t\t\t<div class=\"elementor-element elementor-element-7c1cd60 elementor-widget elementor-widget-text-editor\" data-id=\"7c1cd60\" data-element_type=\"widget\" data-e-type=\"widget\" data-widget_type=\"text-editor.default\">\n\t\t\t\t\t\t\t\t\t<p data-start=\"1746\" data-end=\"1996\">Oferim tant <strong data-start=\"1762\" data-end=\"1799\">assessorament jur\u00eddic preventiu<\/strong> com <strong data-start=\"1805\" data-end=\"1825\">defensa processal<\/strong> davant dels tribunals. Acompanyem el client durant tot el proc\u00e9s, des de l&#8217;an\u00e0lisi inicial fins a la resoluci\u00f3 del conflicte, mantenint-lo informat en tot moment. <\/p>\t\t\t\t\t\t\t\t<\/div>\n\t\t\t\t<\/div>\n\t\t\t\t\t<\/details>\n\t\t\t\t\t<\/div>\n\t\t\t\t\t\t<\/div>\n\t\t\t\t\t<\/div>\n\t\t<\/div>\n\t\t\t\t\t<\/div>\n\t\t<\/section>\n\t\t\t\t<\/div>\n\t\t","protected":false},"excerpt":{"rendered":"<p>Hist\u00f2ria GRALEGAL ADVOCATS \u00b7 ABOGADOS \u00e9s un despatx d&#8217;advocats que ofereix a empreses i particulars assessorament jur\u00eddic individualitzat i defensa processal de qualitat en amplis sectors del dret com el Civil, el Laboral i de la Seguretat Social i el Mercantil. Un bufet amb m\u00e9s de 15 anys d&#8217;experi\u00e8ncia jur\u00eddica Els advocats integrants del despatx [&hellip;]<\/p>\n","protected":false},"author":2,"featured_media":0,"parent":0,"menu_order":0,"comment_status":"closed","ping_status":"closed","template":"","meta":{"footnotes":""},"class_list":["post-660","page","type-page","status-publish","hentry"],"yoast_head":"<!-- This site is optimized with the Yoast SEO plugin v26.8 - https:\/\/yoast.com\/product\/yoast-seo-wordpress\/ -->\n<title>Hist\u00f2ria - GraLegal<\/title>\n<meta name=\"robots\" content=\"index, follow, max-snippet:-1, max-image-preview:large, max-video-preview:-1\" \/>\n<link rel=\"canonical\" href=\"https:\/\/gralegal.com\/ca\/historia\/\" \/>\n<meta property=\"og:locale\" content=\"ca_ES\" \/>\n<meta property=\"og:type\" content=\"article\" \/>\n<meta property=\"og:title\" content=\"Hist\u00f2ria - GraLegal\" \/>\n<meta property=\"og:description\" content=\"Hist\u00f2ria GRALEGAL ADVOCATS \u00b7 ABOGADOS \u00e9s un despatx d&#8217;advocats que ofereix a empreses i particulars assessorament jur\u00eddic individualitzat i defensa processal de qualitat en amplis sectors del dret com el Civil, el Laboral i de la Seguretat Social i el Mercantil. Un bufet amb m\u00e9s de 15 anys d&#8217;experi\u00e8ncia jur\u00eddica Els advocats integrants del despatx [&hellip;]\" \/>\n<meta property=\"og:url\" content=\"https:\/\/gralegal.com\/ca\/historia\/\" \/>\n<meta property=\"og:site_name\" content=\"GraLegal\" \/>\n<meta property=\"article:modified_time\" content=\"2026-03-24T11:05:48+00:00\" \/>\n<meta name=\"twitter:card\" content=\"summary_large_image\" \/>\n<meta name=\"twitter:label1\" content=\"Temps estimat de lectura\" \/>\n\t<meta name=\"twitter:data1\" content=\"3 minuts\" \/>\n<script type=\"application\/ld+json\" class=\"yoast-schema-graph\">{\"@context\":\"https:\/\/schema.org\",\"@graph\":[{\"@type\":\"WebPage\",\"@id\":\"https:\/\/gralegal.com\/ca\/historia\/\",\"url\":\"https:\/\/gralegal.com\/ca\/historia\/\",\"name\":\"Hist\u00f2ria - GraLegal\",\"isPartOf\":{\"@id\":\"https:\/\/gralegal.com\/ca\/#website\"},\"datePublished\":\"2026-02-17T07:23:25+00:00\",\"dateModified\":\"2026-03-24T11:05:48+00:00\",\"breadcrumb\":{\"@id\":\"https:\/\/gralegal.com\/ca\/historia\/#breadcrumb\"},\"inLanguage\":\"ca\",\"potentialAction\":[{\"@type\":\"ReadAction\",\"target\":[\"https:\/\/gralegal.com\/ca\/historia\/\"]}]},{\"@type\":\"BreadcrumbList\",\"@id\":\"https:\/\/gralegal.com\/ca\/historia\/#breadcrumb\",\"itemListElement\":[{\"@type\":\"ListItem\",\"position\":1,\"name\":\"Portada\",\"item\":\"https:\/\/gralegal.com\/ca\/gralegal\/\"},{\"@type\":\"ListItem\",\"position\":2,\"name\":\"Hist\u00f2ria\"}]},{\"@type\":\"WebSite\",\"@id\":\"https:\/\/gralegal.com\/ca\/#website\",\"url\":\"https:\/\/gralegal.com\/ca\/\",\"name\":\"GraLegal\",\"description\":\"\",\"publisher\":{\"@id\":\"https:\/\/gralegal.com\/ca\/#organization\"},\"potentialAction\":[{\"@type\":\"SearchAction\",\"target\":{\"@type\":\"EntryPoint\",\"urlTemplate\":\"https:\/\/gralegal.com\/ca\/?s={search_term_string}\"},\"query-input\":{\"@type\":\"PropertyValueSpecification\",\"valueRequired\":true,\"valueName\":\"search_term_string\"}}],\"inLanguage\":\"ca\"},{\"@type\":\"Organization\",\"@id\":\"https:\/\/gralegal.com\/ca\/#organization\",\"name\":\"GraLegal\",\"url\":\"https:\/\/gralegal.com\/ca\/\",\"logo\":{\"@type\":\"ImageObject\",\"inLanguage\":\"ca\",\"@id\":\"https:\/\/gralegal.com\/ca\/#\/schema\/logo\/image\/\",\"url\":\"https:\/\/gralegal.com\/wp-content\/uploads\/2025\/12\/GRALEGAL-LOGO-002-1.png\",\"contentUrl\":\"https:\/\/gralegal.com\/wp-content\/uploads\/2025\/12\/GRALEGAL-LOGO-002-1.png\",\"width\":1627,\"height\":863,\"caption\":\"GraLegal\"},\"image\":{\"@id\":\"https:\/\/gralegal.com\/ca\/#\/schema\/logo\/image\/\"}}]}<\/script>\n<!-- \/ Yoast SEO plugin. -->","yoast_head_json":{"title":"Hist\u00f2ria - GraLegal","robots":{"index":"index","follow":"follow","max-snippet":"max-snippet:-1","max-image-preview":"max-image-preview:large","max-video-preview":"max-video-preview:-1"},"canonical":"https:\/\/gralegal.com\/ca\/historia\/","og_locale":"ca_ES","og_type":"article","og_title":"Hist\u00f2ria - GraLegal","og_description":"Hist\u00f2ria GRALEGAL ADVOCATS \u00b7 ABOGADOS \u00e9s un despatx d&#8217;advocats que ofereix a empreses i particulars assessorament jur\u00eddic individualitzat i defensa processal de qualitat en amplis sectors del dret com el Civil, el Laboral i de la Seguretat Social i el Mercantil. Un bufet amb m\u00e9s de 15 anys d&#8217;experi\u00e8ncia jur\u00eddica Els advocats integrants del despatx [&hellip;]","og_url":"https:\/\/gralegal.com\/ca\/historia\/","og_site_name":"GraLegal","article_modified_time":"2026-03-24T11:05:48+00:00","twitter_card":"summary_large_image","twitter_misc":{"Temps estimat de lectura":"3 minuts"},"schema":{"@context":"https:\/\/schema.org","@graph":[{"@type":"WebPage","@id":"https:\/\/gralegal.com\/ca\/historia\/","url":"https:\/\/gralegal.com\/ca\/historia\/","name":"Hist\u00f2ria - GraLegal","isPartOf":{"@id":"https:\/\/gralegal.com\/ca\/#website"},"datePublished":"2026-02-17T07:23:25+00:00","dateModified":"2026-03-24T11:05:48+00:00","breadcrumb":{"@id":"https:\/\/gralegal.com\/ca\/historia\/#breadcrumb"},"inLanguage":"ca","potentialAction":[{"@type":"ReadAction","target":["https:\/\/gralegal.com\/ca\/historia\/"]}]},{"@type":"BreadcrumbList","@id":"https:\/\/gralegal.com\/ca\/historia\/#breadcrumb","itemListElement":[{"@type":"ListItem","position":1,"name":"Portada","item":"https:\/\/gralegal.com\/ca\/gralegal\/"},{"@type":"ListItem","position":2,"name":"Hist\u00f2ria"}]},{"@type":"WebSite","@id":"https:\/\/gralegal.com\/ca\/#website","url":"https:\/\/gralegal.com\/ca\/","name":"GraLegal","description":"","publisher":{"@id":"https:\/\/gralegal.com\/ca\/#organization"},"potentialAction":[{"@type":"SearchAction","target":{"@type":"EntryPoint","urlTemplate":"https:\/\/gralegal.com\/ca\/?s={search_term_string}"},"query-input":{"@type":"PropertyValueSpecification","valueRequired":true,"valueName":"search_term_string"}}],"inLanguage":"ca"},{"@type":"Organization","@id":"https:\/\/gralegal.com\/ca\/#organization","name":"GraLegal","url":"https:\/\/gralegal.com\/ca\/","logo":{"@type":"ImageObject","inLanguage":"ca","@id":"https:\/\/gralegal.com\/ca\/#\/schema\/logo\/image\/","url":"https:\/\/gralegal.com\/wp-content\/uploads\/2025\/12\/GRALEGAL-LOGO-002-1.png","contentUrl":"https:\/\/gralegal.com\/wp-content\/uploads\/2025\/12\/GRALEGAL-LOGO-002-1.png","width":1627,"height":863,"caption":"GraLegal"},"image":{"@id":"https:\/\/gralegal.com\/ca\/#\/schema\/logo\/image\/"}}]}},"_links":{"self":[{"href":"https:\/\/gralegal.com\/ca\/wp-json\/wp\/v2\/pages\/660","targetHints":{"allow":["GET"]}}],"collection":[{"href":"https:\/\/gralegal.com\/ca\/wp-json\/wp\/v2\/pages"}],"about":[{"href":"https:\/\/gralegal.com\/ca\/wp-json\/wp\/v2\/types\/page"}],"author":[{"embeddable":true,"href":"https:\/\/gralegal.com\/ca\/wp-json\/wp\/v2\/users\/2"}],"replies":[{"embeddable":true,"href":"https:\/\/gralegal.com\/ca\/wp-json\/wp\/v2\/comments?post=660"}],"version-history":[{"count":1,"href":"https:\/\/gralegal.com\/ca\/wp-json\/wp\/v2\/pages\/660\/revisions"}],"predecessor-version":[{"id":661,"href":"https:\/\/gralegal.com\/ca\/wp-json\/wp\/v2\/pages\/660\/revisions\/661"}],"wp:attachment":[{"href":"https:\/\/gralegal.com\/ca\/wp-json\/wp\/v2\/media?parent=660"}],"curies":[{"name":"wp","href":"https:\/\/api.w.org\/{rel}","templated":true}]}}